{"id":83,"date":"2024-05-22T12:19:23","date_gmt":"2024-05-22T12:19:23","guid":{"rendered":"https:\/\/figeac-en-quercy.fr\/?page_id=83"},"modified":"2025-09-05T15:39:58","modified_gmt":"2025-09-05T15:39:58","slug":"chroniques","status":"publish","type":"page","link":"https:\/\/figeac.net\/?page_id=83","title":{"rendered":"CHRONIQUES"},"content":{"rendered":"\n<h2 class=\"wp-block-heading has-text-align-center has-larger-font-size\">Figeac en&#8230; Quercy<\/h2>\n\n\n<div class=\"wp-block-image\">\n<figure class=\"aligncenter size-large is-resized\"><img loading=\"lazy\" decoding=\"async\" width=\"1024\" height=\"681\" src=\"https:\/\/figeac-en-quercy.fr\/wp-content\/uploads\/2024\/05\/32_Gravure_Figeac-1-1024x681.jpeg\" alt=\"\" class=\"wp-image-85\" style=\"width:812px;height:auto\" srcset=\"https:\/\/figeac.net\/wp-content\/uploads\/2024\/05\/32_Gravure_Figeac-1-1024x681.jpeg 1024w, https:\/\/figeac.net\/wp-content\/uploads\/2024\/05\/32_Gravure_Figeac-1-300x200.jpeg 300w, https:\/\/figeac.net\/wp-content\/uploads\/2024\/05\/32_Gravure_Figeac-1-768x511.jpeg 768w, https:\/\/figeac.net\/wp-content\/uploads\/2024\/05\/32_Gravure_Figeac-1-1536x1021.jpeg 1536w, https:\/\/figeac.net\/wp-content\/uploads\/2024\/05\/32_Gravure_Figeac-1-2048x1362.jpeg 2048w\" sizes=\"auto, (max-width: 1024px) 100vw, 1024px\" \/><figcaption class=\"wp-element-caption\">Figeac au temps pass\u00e9 (gravure ancienne)<\/figcaption><\/figure>\n<\/div>\n\n\n<figure class=\"wp-block-audio alignright\"><audio controls src=\"https:\/\/figeac.net\/wp-content\/uploads\/2025\/09\/le-branle-du-quercy_-par-les-troubadours-de-Gourdon-folklore.mp3\"><\/audio><figcaption class=\"wp-element-caption\">Les Troubadours de Gourdon<\/figcaption><\/figure>\n\n\n\n<div style=\"height:12px\" aria-hidden=\"true\" class=\"wp-block-spacer\"><\/div>\n\n\n<div class=\"wp-block-image\">\n<figure class=\"alignright size-large is-resized\"><img loading=\"lazy\" decoding=\"async\" width=\"662\" height=\"1024\" src=\"https:\/\/figeac-en-quercy.fr\/wp-content\/uploads\/2024\/05\/COUV_CHRONIQUES_150-662x1024.jpg\" alt=\"\" class=\"wp-image-91\" style=\"width:312px;height:auto\" srcset=\"https:\/\/figeac.net\/wp-content\/uploads\/2024\/05\/COUV_CHRONIQUES_150-662x1024.jpg 662w, https:\/\/figeac.net\/wp-content\/uploads\/2024\/05\/COUV_CHRONIQUES_150-194x300.jpg 194w, https:\/\/figeac.net\/wp-content\/uploads\/2024\/05\/COUV_CHRONIQUES_150-768x1187.jpg 768w, https:\/\/figeac.net\/wp-content\/uploads\/2024\/05\/COUV_CHRONIQUES_150.jpg 945w\" sizes=\"auto, (max-width: 662px) 100vw, 662px\" \/><\/figure>\n<\/div>\n\n\n<h2 class=\"wp-block-heading has-large-font-size\">Les Chroniques du Quercy<\/h2>\n\n\n\n<p><\/p>\n\n\n\n<p class=\"has-text-align-left has-medium-font-size\"><strong><em>par Guy Chassagnard<\/em><\/strong><\/p>\n\n\n\n<p><strong>Ouvrage paru en 2018<\/strong><\/p>\n\n\n\n<p><strong>420 pages &#8211; Aux &nbsp;\u00c9ditions &nbsp; Segnat<\/strong><\/p>\n\n\n\n<p><strong>Diffusion :&nbsp;<a href=\"https:\/\/www.amazon.fr\/CHRONIQUES-DU-QUERCY-Guy-CHASSAGNARD\/dp\/1980866198\/ref=sr_1_18?__mk_fr_FR=%C3%85M%C3%85%C5%BD%C3%95%C3%91&amp;dchild=1&amp;keywords=guy+chassagnard&amp;qid=1601895406&amp;s=books&amp;sr=1-18\" target=\"_blank\" rel=\"noreferrer noopener\">Amazon.fr<\/a><\/strong><\/p>\n\n\n\n<p><strong>Prix TTC : &nbsp; &nbsp; 21,99 &nbsp;\u20ac<\/strong><\/p>\n\n\n\n<hr class=\"wp-block-separator has-alpha-channel-opacity\"\/>\n\n\n\n<h2 class=\"wp-block-heading has-text-align-center has-larger-font-size\">L&rsquo;ouvrage<\/h2>\n\n\n\n<p class=\"has-medium-font-size\"><strong><em>Confidences de l&rsquo;auteur<\/em><\/strong><\/p>\n\n\n\n<p class=\"has-medium-font-size\"><strong>JE NE\u2008SUIS\u2008PAS de Figeac.\u2008Je ne suis pas n\u00e9 dans l\u2019une des \u00e9troites ruelles du Claux. Je n\u2019ai pas grandi \u00e0 l\u2019ombre de Notre-Dame du Puy. Je n\u2019ai pas us\u00e9 mes culottes sur les bancs du coll\u00e8ge Cham\u00adpollion.\u2008Je n\u2019ai pas, non plus, cont\u00e9 fleurette dans les bosquets du Cin\u00adgle ou de Lissac.\u2008<\/strong><\/p>\n\n\n\n<p class=\"has-medium-font-size\"><strong>Je suis arriv\u00e9 ici, avec ma valise et mon parapluie, \u00e0 l\u2019heure des bilans et des projets nouveaux ; quand on parle normalement de retraite, de jardinage et de parties de p\u00eache. Par hasard, au d\u00e9tour d\u2019une route qui ne semblait mener nulle part\u2026<\/strong><\/p>\n\n\n\n<p class=\"has-medium-font-size\"><strong>J\u2019ai d\u2019abord rencontr\u00e9 les pierres, avec leurs arcades cintr\u00e9es, leurs modillons sculpt\u00e9s, leurs soleilhos \u00e0 demi obtur\u00e9s. Sont venus ensuite les hommes (sans oublier les femmes) qui m\u2019ont aimablement ouvert leur porte.&nbsp;<\/strong><\/p>\n\n\n\n<p class=\"has-medium-font-size\"><strong>Ainsi, sans m\u2019en rendre compte, je suis devenu Figeacois, et du m\u00eame coup Quercynois.&nbsp;<\/strong><\/p>\n\n\n\n<p class=\"has-medium-font-size\"><strong>D\u00e9couvrant chaque jour le pr\u00e9sent, il m\u2019est apparu n\u00e9cessaire, pour mieux conna\u00eetre les hom\u00admes et mieux appr\u00e9cier les pierres, de m\u2019engager d\u00e9lib\u00e9r\u00e9ment dans le pass\u00e9 de la ville, fait d\u2019his\u00adtoire pour les pierres et de v\u00e9cu pour les hommes.&nbsp;<\/strong><\/p>\n\n\n\n<p class=\"has-medium-font-size\"><strong>Voici la \u00ab chronique \u00bb des hommes et des femmes du Quercy telle que j\u2019ai pu la d\u00e9couvrir et la tracer sur le papier, faite d\u2019\u00e9v\u00e9nements heureux ou malheureux, pr\u00e9vus ou inattendus, solennellement c\u00e9l\u00e9br\u00e9s ou malencontreusement subis. J\u2019es\u00adp\u00e8re que le lecteur aura plaisir \u00e0 en pren\u00addre connaissance et \u00e0 s\u2019en souvenir.<\/strong><\/p>\n\n\n<div class=\"wp-block-image\">\n<figure class=\"aligncenter size-large\"><img loading=\"lazy\" decoding=\"async\" width=\"1024\" height=\"658\" src=\"https:\/\/figeac-en-quercy.fr\/wp-content\/uploads\/2024\/05\/Cele-1024x658.jpg\" alt=\"\" class=\"wp-image-93\" srcset=\"https:\/\/figeac.net\/wp-content\/uploads\/2024\/05\/Cele-1024x658.jpg 1024w, https:\/\/figeac.net\/wp-content\/uploads\/2024\/05\/Cele-300x193.jpg 300w, https:\/\/figeac.net\/wp-content\/uploads\/2024\/05\/Cele-768x494.jpg 768w, https:\/\/figeac.net\/wp-content\/uploads\/2024\/05\/Cele.jpg 1417w\" sizes=\"auto, (max-width: 1024px) 100vw, 1024px\" \/><figcaption class=\"wp-element-caption\">Les lavandi\u00e8res du C\u00e9l\u00e9, au d\u00e9but du XXe si\u00e8cle.<\/figcaption><\/figure>\n<\/div>\n\n\n<p class=\"has-text-align-center has-larger-font-size\"><strong>Les premi\u00e8res pages<\/strong><\/p>\n\n\n\n<p class=\"has-medium-font-size\"><strong><em>Mais qu\u2019est-ce donc que le Quercy ?<\/em><\/strong><\/p>\n\n\n\n<p><strong>Le Quercy n\u2019est pas une r\u00e9gion ; il n\u2019a jamais \u00e9t\u00e9 une v\u00e9ritable province. De la r\u00e9gion, il ne poss\u00e8de pas l\u2019u\u00adnit\u00e9 de relief ou de climat ; de la province il n\u2019a jamais eu l\u2019identit\u00e9 politique \u2013 m\u00eame s\u2019il a pu se pr\u00e9valoir d\u2019\u00eatre, un temps, un grand d\u00e9partement du Lot (1789 \u00e0 1808).&nbsp;<\/strong><\/p>\n\n\n\n<p><strong>On peut, plus volontiers, parler \u00e0 son propos de zone g\u00e9ographique de transition, enserr\u00e9e entre le relief tour\u00admen\u00adt\u00e9 du massif central et la large vall\u00e9e de la Ga\u00adronne, ou de pays si l\u2019on entend qualifier cette \u00e9ten\u00addue de plateaux et de for\u00eats multipliant les sites et les monuments entre le Limousin et le Lan\u00adguedoc, entre l\u2019Auvergne et l\u2019Aquitaine.<\/strong><\/p>\n\n\n\n<p class=\"has-medium-font-size\">On entre sans s\u2019en apercevoir en Quercy ; on en sort toujours \u00e0 regret, conservant intact en son c\u0153ur le souvenir des hommes et des choses.&nbsp;<\/p>\n\n\n\n<p><strong>Car le Quercy n\u2019a pas besoin d\u2019\u00eatre mesur\u00e9 ou d\u00e9fini territorialement pour exister.\u2008O\u00f9 trouver ailleurs, en effet, ces caus\u00adses d\u00e9nud\u00e9s, ces vall\u00e9es encaiss\u00e9es, ces rivi\u00e8res fatigu\u00e9es d\u2019avoir trop creus\u00e9 la pierre, ces vall\u00e9es enfouies au plus profond de la nature\u2008?\u2008<\/strong><\/p>\n\n\n\n<p><strong>O\u00f9 rencontrer ces gens courageux, calmes mais d\u00e9termin\u00e9s, qui con\u00adsa\u00adcrent \u00e0 la vie toute la bon\u00adne humeur et tout l\u2019art de vivre qu\u2019ils ont en eux ? O\u00f9 approcher encore l\u2019histoire au quotidien avec tant de facilit\u00e9 et de simplicit\u00e9.&nbsp;<\/strong><\/p>\n\n\n\n<p><strong>En Quercy, bien-s\u00fbr !<\/strong><\/p>\n\n\n<div class=\"wp-block-image\">\n<figure class=\"aligncenter size-large\"><img loading=\"lazy\" decoding=\"async\" width=\"1024\" height=\"637\" src=\"https:\/\/figeac-en-quercy.fr\/wp-content\/uploads\/2024\/05\/04_Faubourg-du-Pin-1024x637.jpg\" alt=\"\" class=\"wp-image-96\" srcset=\"https:\/\/figeac.net\/wp-content\/uploads\/2024\/05\/04_Faubourg-du-Pin-1024x637.jpg 1024w, https:\/\/figeac.net\/wp-content\/uploads\/2024\/05\/04_Faubourg-du-Pin-300x187.jpg 300w, https:\/\/figeac.net\/wp-content\/uploads\/2024\/05\/04_Faubourg-du-Pin-768x478.jpg 768w, https:\/\/figeac.net\/wp-content\/uploads\/2024\/05\/04_Faubourg-du-Pin-1536x955.jpg 1536w, https:\/\/figeac.net\/wp-content\/uploads\/2024\/05\/04_Faubourg-du-Pin-2048x1273.jpg 2048w\" sizes=\"auto, (max-width: 1024px) 100vw, 1024px\" \/><figcaption class=\"wp-element-caption\">Le faubourg du Pin, au temps jadis.<\/figcaption><\/figure>\n<\/div>\n\n\n<p class=\"has-medium-font-size\"><strong><em>Le Quercy, de tous les temps<\/em><\/strong><\/p>\n\n\n\n<p class=\"has-medium-font-size\"><strong>Sans jamais chercher \u00e0 se singulariser, \u00e0 s\u2019opposer \u00e0 d\u2019autres, proches ou lointains, faibles ou puis\u00ad\u00ad\u00adsants, le Quercy peut s\u2019enorgueillir d\u2019avoir \u00e9t\u00e9 et d\u2019\u00eatre encore de tous les temps. Pr\u00e9historique, il s\u2019est dot\u00e9 de peintures et de gra\u00advures rupes\u00adtres, ainsi que de multiples dolmens.<\/strong>&nbsp;<\/p>\n\n\n\n<p class=\"has-medium-font-size\"><strong>Antique, il a r\u00e9sist\u00e9 vail\u00adlamment aux arm\u00e9es de C\u00e9\u00ad\u00adsar et d\u00e9fendu quelque temps l\u2019ind\u00e9pendance gau\u00adloise.<\/strong>\u2008<\/p>\n\n\n\n<p class=\"has-medium-font-size\"><strong>M\u00e9di\u00e9val, il a multipli\u00e9 les lieux de culte et de p\u00e8lerinage.<\/strong>\u2008<\/p>\n\n\n\n<p><strong>Re\u00adnaissant, il a flirt\u00e9 avec le rigorisme protestant au point de s\u2019attirer les foudres du pouvoir royal.<\/strong>&nbsp;<\/p>\n\n\n\n<p><strong>R\u00e9publicain, il a toujours pr\u00e9f\u00e9r\u00e9 la fraternit\u00e9 aux querelles politiques.<\/strong><\/p>\n\n\n\n<p><strong>Ce qui n\u2019a pas emp\u00each\u00e9 ses habitants de con\u00adna\u00ee\u00adtre parfois la criti\u00adque, voire l\u2019opprobre. Ainsi, pouvait-on lire, au XIXe si\u00e8cle, les lignes suivantes dans la Description pittoresque, topo\u00adgraphique et statistique du Lot &nbsp;(1835), sign\u00e9e Abel Hugo :<\/strong><\/p>\n\n\n\n<p class=\"has-medium-font-size\"><strong>\u00ab Les habitants des montagnes sont d\u2019une constitution affaiblie par le climat et par une nourriture peu substantielle.\u2008Ils sont susceptibles, irritables, processifs, haineux.&nbsp;<\/strong><\/p>\n\n\n\n<p class=\"has-medium-font-size\"><strong>\u00ab Les habitants des vall\u00e9es, peu \u00e9clair\u00e9s comme ceux de la montagne, sont \u00e9galement dispos\u00e9s \u00e0 la cr\u00e9dulit\u00e9.\u2008<\/strong><\/p>\n\n\n\n<p class=\"has-medium-font-size\"><strong>\u00ab Mais ils ont moins de vivacit\u00e9 et d\u2019intelligence, moins d\u2019aptitude pour l\u2019industrie et les arts m\u00e9caniques\u2026 \u00bb<\/strong><\/p>\n\n\n\n<figure class=\"wp-block-image size-large\"><img loading=\"lazy\" decoding=\"async\" width=\"1024\" height=\"657\" src=\"https:\/\/figeac-en-quercy.fr\/wp-content\/uploads\/2024\/05\/LE-PONT-DE-FIGEAC-1024x657.jpg\" alt=\"\" class=\"wp-image-98\" srcset=\"https:\/\/figeac.net\/wp-content\/uploads\/2024\/05\/LE-PONT-DE-FIGEAC-1024x657.jpg 1024w, https:\/\/figeac.net\/wp-content\/uploads\/2024\/05\/LE-PONT-DE-FIGEAC-300x192.jpg 300w, https:\/\/figeac.net\/wp-content\/uploads\/2024\/05\/LE-PONT-DE-FIGEAC-768x493.jpg 768w, https:\/\/figeac.net\/wp-content\/uploads\/2024\/05\/LE-PONT-DE-FIGEAC.jpg 1366w\" sizes=\"auto, (max-width: 1024px) 100vw, 1024px\" \/><figcaption class=\"wp-element-caption\">Le pont Gambetta, sur le C\u00e9l\u00e9 (en 1913)<\/figcaption><\/figure>\n\n\n\n<p class=\"has-medium-font-size\"><em><strong>Le Pays figeacois<\/strong><\/em><\/p>\n\n\n\n<p class=\"has-medium-font-size\"><strong>Trois r\u00e9gions naturelles, chacune identifiable par sa roche, son relief et sa nature, s\u2019en viennent converger et s\u2019unir \u00e0 l\u2019est du Quer\u00adcy, l\u00e0 o\u00f9 le hasard, sinon la destin\u00e9e, a voulu que Fi\u00adgeac \u00e9tende ses rues et ses maisons en une agglom\u00e9ration homog\u00e8ne.<\/strong>&nbsp;<\/p>\n\n\n\n<p class=\"has-medium-font-size\"><strong>Fait de marnes jurassiques o\u00f9 l\u2019argile domine, le Limargue s\u2019en vient du nord avec ses collines arrondies, ses grasses prairies, ses champs bord\u00e9s de haies ou de peupliers.&nbsp;<\/strong><\/p>\n\n\n\n<p class=\"has-medium-font-size\"><strong>On y cultive principalement le bl\u00e9 et le ma\u00efs.<\/strong><\/p>\n\n\n\n<p class=\"has-medium-font-size\"><strong>Le Causse arrive de l\u2019ouest sur un lit de terrains calcaires.\u2008Les paysages y sont arides et sauvages.\u2008Dans les champs bord\u00e9s de mu\u00adrettes poussent volontiers la pierre et le chardon. Mais c\u2019est ici que s\u2019est le mieux d\u00e9velopp\u00e9 l\u2019habitat quercynois avec ses maisons traditionnelles munies de bolets et de pigeonniers.&nbsp;<\/strong><\/p>\n\n\n\n<p class=\"has-medium-font-size\"><strong>A l\u2019est s\u2019\u00e9tend le S\u00e9gala, constitu\u00e9 de terres cristallines. Ses plateaux montueux, creus\u00e9s de gor\u00adges profondes, supportent en abondance les gen\u00eats, les bruy\u00e8res et les ch\u00e2taigniers. C\u2019est dans le S\u00e9\u00adga\u00adla que se cultivaient jadis le seigle et le sarrasin, nourritures principales des paysans pau\u00advres.<\/strong><\/p>\n\n\n\n<p class=\"has-medium-font-size\"><strong>La rencontre de ces r\u00e9gions, que limitent au sud les deux vall\u00e9es, fertiles et verdoyantes, du C\u00e9l\u00e9 et du Lot (la seconde constituant d\u2019ailleurs une v\u00e9ritable fronti\u00e8re), a donn\u00e9 naissance \u00e0 une terre de con\u00adtraste et de singularit\u00e9 : le pays figeacois.<\/strong>&nbsp;<\/p>\n\n\n\n<p class=\"has-medium-font-size\"><strong>Celui-ci s\u2019\u00e9\u00adtend sur une demi-douzaine de cantons peupl\u00e9s au to\u00adtal d\u2019une quarantaine de milliers d\u2019habitants dont Figeac, la ville, demeure le centre commercial et administratif. C\u2019est en pays figeacois, en changeant mille fois de paysage, que l\u2019on trouvera Cajarc, Li\u00advernon, As\u00adsier, Lacapelle- Marival, Latronqui\u00e8re, Cardail\u00adlac et au\u00adtres lieux \u00e0 visiter.<\/strong><\/p>\n\n\n\n<p class=\"has-medium-font-size\"><strong>Caract\u00e9ristiques climatiques principales de ce pays o\u00f9, d\u2019une fa\u00ad\u00e7on g\u00e9n\u00e9rale, il fait bon vivre : la pluie est abondante, la neige rare, la gel\u00e9e supportable. Le vent s\u2019y fait souvent malicieux ; quant au brouil\u00adlard, de nature paresseuse, il y est particuli\u00e8rement lent \u00e0 se dissiper.&nbsp;<\/strong><\/p>\n\n\n\n<p class=\"has-medium-font-size\"><strong>Mais que chacun se rassure, s\u2019il pleut plus de cent jours par an en pays figeacois, il y a bien plus de soleil ici (2 016 heures) qu\u2019\u00e0 Paris\u2026<\/strong><\/p>\n\n\n\n<p class=\"has-medium-font-size\"><strong>Figeac \u00e9tait, au d\u00e9but du XVIIIe si\u00e8cle, une petite cit\u00e9 du Quercy, forte de pr\u00e8s de mille feux (familles).\u2008Il s\u2019y tenait annuellement dix-huit foires o\u00f9 se n\u00e9gociaient les serges de laine, les vins et les produits agricoles. Figeac \u00e9tait encore le si\u00e8ge d\u2019une s\u00e9n\u00e9chauss\u00e9e.<\/strong><\/p>\n\n\n<div class=\"wp-block-image\">\n<figure class=\"aligncenter size-full\"><img loading=\"lazy\" decoding=\"async\" width=\"945\" height=\"556\" src=\"https:\/\/figeac-en-quercy.fr\/wp-content\/uploads\/2024\/05\/FIGEAC_VILLE-3.jpg\" alt=\"\" class=\"wp-image-102\" srcset=\"https:\/\/figeac.net\/wp-content\/uploads\/2024\/05\/FIGEAC_VILLE-3.jpg 945w, https:\/\/figeac.net\/wp-content\/uploads\/2024\/05\/FIGEAC_VILLE-3-300x177.jpg 300w, https:\/\/figeac.net\/wp-content\/uploads\/2024\/05\/FIGEAC_VILLE-3-768x452.jpg 768w\" sizes=\"auto, (max-width: 945px) 100vw, 945px\" \/><figcaption class=\"wp-element-caption\">Vue sur la ville, de nos jours.<\/figcaption><\/figure>\n<\/div>\n\n\n<div style=\"height:12px\" aria-hidden=\"true\" class=\"wp-block-spacer\"><\/div>\n\n\n<div class=\"wp-block-image\">\n<figure class=\"aligncenter size-full is-resized\"><img loading=\"lazy\" decoding=\"async\" width=\"472\" height=\"464\" src=\"https:\/\/figeac-en-quercy.fr\/wp-content\/uploads\/2024\/05\/SCEAU_ABBE-1.jpg\" alt=\"\" class=\"wp-image-95\" style=\"width:133px;height:auto\" srcset=\"https:\/\/figeac.net\/wp-content\/uploads\/2024\/05\/SCEAU_ABBE-1.jpg 472w, https:\/\/figeac.net\/wp-content\/uploads\/2024\/05\/SCEAU_ABBE-1-300x295.jpg 300w\" sizes=\"auto, (max-width: 472px) 100vw, 472px\" \/><\/figure>\n<\/div>","protected":false},"excerpt":{"rendered":"<p>Figeac en&#8230; Quercy Les Chroniques du Quercy par Guy Chassagnard Ouvrage paru en 2018 420 pages &#8211; Aux &nbsp;\u00c9ditions &nbsp; Segnat Diffusion :&nbsp;Amazon.fr Prix TTC : &nbsp; &nbsp; 21,99 &nbsp;\u20ac L&rsquo;ouvrage Confidences de l&rsquo;auteur JE NE\u2008SUIS\u2008PAS de Figeac.\u2008Je ne suis pas n\u00e9 dans l\u2019une des \u00e9troites ruelles du Claux. Je n\u2019ai pas grandi \u00e0 l\u2019ombre&#8230;<\/p>\n","protected":false},"author":1,"featured_media":0,"parent":0,"menu_order":0,"comment_status":"closed","ping_status":"closed","template":"","meta":{"_kad_post_transparent":"","_kad_post_title":"","_kad_post_layout":"","_kad_post_sidebar_id":"","_kad_post_content_style":"","_kad_post_vertical_padding":"","_kad_post_feature":"","_kad_post_feature_position":"","_kad_post_header":false,"_kad_post_footer":false,"footnotes":"[]"},"class_list":["post-83","page","type-page","status-publish","hentry"],"_links":{"self":[{"href":"https:\/\/figeac.net\/index.php?rest_route=\/wp\/v2\/pages\/83","targetHints":{"allow":["GET"]}}],"collection":[{"href":"https:\/\/figeac.net\/index.php?rest_route=\/wp\/v2\/pages"}],"about":[{"href":"https:\/\/figeac.net\/index.php?rest_route=\/wp\/v2\/types\/page"}],"author":[{"embeddable":true,"href":"https:\/\/figeac.net\/index.php?rest_route=\/wp\/v2\/users\/1"}],"replies":[{"embeddable":true,"href":"https:\/\/figeac.net\/index.php?rest_route=%2Fwp%2Fv2%2Fcomments&post=83"}],"version-history":[{"count":12,"href":"https:\/\/figeac.net\/index.php?rest_route=\/wp\/v2\/pages\/83\/revisions"}],"predecessor-version":[{"id":416,"href":"https:\/\/figeac.net\/index.php?rest_route=\/wp\/v2\/pages\/83\/revisions\/416"}],"wp:attachment":[{"href":"https:\/\/figeac.net\/index.php?rest_route=%2Fwp%2Fv2%2Fmedia&parent=83"}],"curies":[{"name":"wp","href":"https:\/\/api.w.org\/{rel}","templated":true}]}}