{"id":62,"date":"2024-05-22T08:40:38","date_gmt":"2024-05-22T08:40:38","guid":{"rendered":"https:\/\/figeac-en-quercy.fr\/?page_id=62"},"modified":"2025-09-06T09:24:56","modified_gmt":"2025-09-06T09:24:56","slug":"figeac","status":"publish","type":"page","link":"https:\/\/figeac.net\/?page_id=62","title":{"rendered":"FIGEAC"},"content":{"rendered":"\n<p class=\"has-text-align-center has-larger-font-size\"><strong>Histoire d&rsquo;une ville<\/strong><\/p>\n\n\n<div class=\"wp-block-image\">\n<figure class=\"aligncenter size-large is-resized\"><img loading=\"lazy\" decoding=\"async\" width=\"1024\" height=\"594\" src=\"https:\/\/figeac-en-quercy.fr\/wp-content\/uploads\/2024\/05\/FIGEAC_1-1-1024x594.jpg\" alt=\"\" class=\"wp-image-64\" style=\"width:706px;height:auto\" srcset=\"https:\/\/figeac.net\/wp-content\/uploads\/2024\/05\/FIGEAC_1-1-1024x594.jpg 1024w, https:\/\/figeac.net\/wp-content\/uploads\/2024\/05\/FIGEAC_1-1-300x174.jpg 300w, https:\/\/figeac.net\/wp-content\/uploads\/2024\/05\/FIGEAC_1-1-768x446.jpg 768w, https:\/\/figeac.net\/wp-content\/uploads\/2024\/05\/FIGEAC_1-1.jpg 1413w\" sizes=\"auto, (max-width: 1024px) 100vw, 1024px\" \/><figcaption class=\"wp-element-caption\">Vue g\u00e9n\u00e9rale de Figeac, un jour de brume (Photo G.C.)<br><\/figcaption><\/figure>\n<\/div>\n\n\n<figure class=\"wp-block-audio alignright\"><audio controls src=\"https:\/\/figeac.net\/wp-content\/uploads\/2025\/09\/Nicole-Berges-On-danse-du-cote-de-Glandon.mp3\"><\/audio><figcaption class=\"wp-element-caption\">Nicole Berges<\/figcaption><\/figure>\n\n\n\n<div style=\"height:12px\" aria-hidden=\"true\" class=\"wp-block-spacer\"><\/div>\n\n\n\n<p class=\"has-large-font-size\"><strong>Visiter la ville avec<\/strong>&#8230;<\/p>\n\n\n<div class=\"wp-block-image\">\n<figure class=\"alignright size-full is-resized\"><img loading=\"lazy\" decoding=\"async\" width=\"1600\" height=\"2560\" src=\"https:\/\/figeac-en-quercy.fr\/wp-content\/uploads\/2024\/05\/Couverture_Guide_JPG-scaled.jpg\" alt=\"\" class=\"wp-image-74\" style=\"width:313px;height:auto\" srcset=\"https:\/\/figeac.net\/wp-content\/uploads\/2024\/05\/Couverture_Guide_JPG-scaled.jpg 1600w, https:\/\/figeac.net\/wp-content\/uploads\/2024\/05\/Couverture_Guide_JPG-188x300.jpg 188w, https:\/\/figeac.net\/wp-content\/uploads\/2024\/05\/Couverture_Guide_JPG-640x1024.jpg 640w, https:\/\/figeac.net\/wp-content\/uploads\/2024\/05\/Couverture_Guide_JPG-768x1229.jpg 768w, https:\/\/figeac.net\/wp-content\/uploads\/2024\/05\/Couverture_Guide_JPG-960x1536.jpg 960w, https:\/\/figeac.net\/wp-content\/uploads\/2024\/05\/Couverture_Guide_JPG-1280x2048.jpg 1280w\" sizes=\"auto, (max-width: 1600px) 100vw, 1600px\" \/><\/figure>\n<\/div>\n\n\n<p class=\"has-text-align-center has-larger-font-size\"><strong>Le guide de Figeac<\/strong><\/p>\n\n\n\n<p class=\"has-medium-font-size\"><strong>Ouvrage paru en 1997,&nbsp;r\u00e9\u00e9dit\u00e9 en 2018<\/strong><\/p>\n\n\n\n<p class=\"has-medium-font-size\"><strong>104 pages &#8211; Aux &nbsp;\u00c9ditions &nbsp;Segnat<\/strong><\/p>\n\n\n\n<p class=\"has-medium-font-size\"><strong>Diffusion :&nbsp;<a href=\"https:\/\/www.amazon.fr\/Guide-Figeac-Quercy-Guy-Chassagnard\/dp\/2901082823\/ref=tmm_pap_swatch_0?_encoding=UTF8&amp;qid=1676289199&amp;sr=8-37\" target=\"_blank\" rel=\"noreferrer noopener\">Amazon.fr<\/a><\/strong><\/p>\n\n\n\n<p class=\"has-medium-font-size\"><strong>Prix TTC : &nbsp; &nbsp; 9,99 &nbsp;\u20ac<\/strong>  (ebook Kindle :  2,99 \u20ac)<\/p>\n\n\n\n<p class=\"has-large-font-size\"><strong>&#8212;&#8212;&#8212;-<\/strong><\/p>\n\n\n\n<h2 class=\"wp-block-heading has-text-align-center has-larger-font-size\">Les premi\u00e8res pages<\/h2>\n\n\n\n<p class=\"has-large-font-size\"><strong><em>Figeac, la l\u00e9gende<\/em><\/strong><\/p>\n\n\n\n<p class=\"has-medium-font-size\"><strong>Une rivi\u00e8re tranquille entre des berges verdoy\u00adantes et fertiles.\u2008Des collines sauvages aux flancs vallonn\u00e9s expos\u00e9s au soleil. Le d\u00e9cor \u00e9tait plant\u00e9 pour la venue de l\u2019homme. Celui-ci s\u2019appelait Anastase ; il \u00e9tait abb\u00e9 d\u2019une communaut\u00e9 install\u00e9e \u00e0 Lunan, non loin de l\u00e0, que tourmentaient de fr\u00e9quentes inon\u00addations. Le v\u00e9\u00adn\u00e9\u00ad\u00adrable moine r\u00eavait donc d\u2019un nouveau monast\u00e8re. Un jour, donc, Anastase lib\u00e9ra une colombe qui s\u2019\u00e9tait prise dans un lacs.\u2008Celle-ci, pour le remercier, lui conseilla de s\u2019adresser au roi, de passage dans la r\u00e9gion. Ce qu\u2019il fit sans attendre.<\/strong><\/p>\n\n\n\n<p class=\"has-medium-font-size\"><strong>Alors que P\u00e9pin*, fils de Martel, et le moine arrivaient au bord de la rivi\u00e8re, apparut un vol de colombes qui se scinda en quatre groupes pour former dans le ciel bleu une grande croix blanche (d\u2019o\u00f9 les armes actuelles de Figeac). Le souverain promit de faire construire le nouveau mo\u00adnast\u00e8re :<\/strong><\/p>\n\n\n\n<p class=\"has-medium-font-size\"><strong>\u2013 Fiat !, s\u2019\u00e9cria P\u00e9pin &#8211; Que cela se fasse.<\/strong><\/p>\n\n\n\n<p><strong>\u2013 Fige illac !, &#8211; Mets-le l\u00e0, entendirent les assistants.&nbsp;<\/strong><\/p>\n\n\n\n<p>*La l\u00e9gende ne pr\u00e9cise pas l&rsquo;identit\u00e9 du roi P\u00e9pin. On pense d&rsquo;abord \u00e0 P\u00e9pin dit le Bref (714-760), fils de Charles Martel ; mais ensuite \u00e0 P\u00e9pin II d&rsquo;Aquitaine (823-864), fils de Louis le Pieux.<\/p>\n\n\n\n<p class=\"has-medium-font-size\"><strong>Dans la charte qu\u2019ils r\u00e9dig\u00e8rent s\u00e9ance tenante, les clercs royaux donn\u00e8rent au lieu son nouveau nom : Fia\u00adcus &#8211; Figeac.<\/strong><\/p>\n\n\n\n<p class=\"has-medium-font-size\"><strong>Le nouveau monast\u00e8re devait \u00eatre richement dot\u00e9 par le souverain.\u2008Il se vit ainsi confier : un mor\u00adceau de la sainte cr\u00e8che, des lambeaux de lin\u00adges du Christ, des grains de l\u2019encens offert par les rois mages, des miettes du pain ayant servi \u00e0 nour\u00adrir les foules dans le d\u00e9sert, enfin des cheveux de la vierge\u2026<\/strong><\/p>\n\n\n<div class=\"wp-block-image\">\n<figure class=\"alignright size-full is-resized\"><img loading=\"lazy\" decoding=\"async\" width=\"472\" height=\"464\" src=\"https:\/\/figeac-en-quercy.fr\/wp-content\/uploads\/2024\/05\/SCEAU_ABBE.jpg\" alt=\"\" class=\"wp-image-75\" style=\"width:309px;height:auto\" srcset=\"https:\/\/figeac.net\/wp-content\/uploads\/2024\/05\/SCEAU_ABBE.jpg 472w, https:\/\/figeac.net\/wp-content\/uploads\/2024\/05\/SCEAU_ABBE-300x295.jpg 300w\" sizes=\"auto, (max-width: 472px) 100vw, 472px\" \/><figcaption class=\"wp-element-caption\">Sceau de l&rsquo;abb\u00e9.<\/figcaption><\/figure>\n<\/div>\n\n\n<p class=\"has-medium-font-size\"><strong>P\u00e9pin appela le pape \u00c9tienne II pour \u00ab faire la d\u00e9dicace \u00bb du monast\u00e8re. Il \u00e9tait minuit lorsque roi, pape et \u00e9v\u00eaques \u00ab furent r\u00e9veill\u00e9s par une musique c\u00e9leste et \u00e9blouis d\u2019une splendeur prodigieuse au milieu de laquelle apparut le Christ \u00bb. Le lendemain, lorsque la procession entra dans l\u2019\u00e9glise, cha\u00adcun put y admirer des croix peintes sur les murs.\u2008Le Christ ayant fait la d\u00e9dicace, le pontife se con\u00adtenta de dire la messe.<\/strong><\/p>\n\n\n\n<p class=\"has-large-font-size\"><strong><em>Figeac, la tradition.<\/em><\/strong><\/p>\n\n\n\n<p class=\"has-medium-font-size\"><strong>Voyageant en Quercy, en l\u2019an 753, apr\u00e8s avoir sou\u00admis Hu\u00adnaut, duc d\u2019Aquitaine, qui refusait de lui rendre hommage, P\u00e9pin \u00e9prouva le d\u00e9sir de re\u00admer\u00adcier Dieu de ses victoires par l\u2019\u00e9dification d\u2019un lieu saint.&nbsp;<\/strong><\/p>\n\n\n\n<p class=\"has-medium-font-size\"><strong>La requ\u00eate des moines de Lunan l\u2019amena ainsi sur la rive du C\u00e9l\u00e9.<\/strong><\/p>\n\n\n\n<p class=\"has-medium-font-size\"><strong>\u2013 Fiat !, dit-il &#8211; Je le veux ici.<\/strong><\/p>\n\n\n\n<p class=\"has-medium-font-size\"><strong>Deux ann\u00e9es plus tard, le souverain invita le pape \u00c9tienne II \u00e0 consacrer le nouveau monast\u00e8re. La c\u00e9r\u00e9monie allait commencer \u00e0 la porte de l\u2019abbatiale <\/strong>lorsqu<strong>\u2019une \u00ab nu\u00e9e diaphane \u00bb en d\u00e9roba l\u2019acc\u00e8s, des chants m\u00e9lodieux se faisant entendre et une odeur suave se r\u00e9pandant sur l\u2019assistance \u00ab ce qui remplit d\u2019admiration, non seulement le Roi et le Pape, mais encore tous les assistants qui furent autant de t\u00e9moins de ce prodige \u00bb.\u2008&nbsp;<\/strong><\/p>\n\n\n\n<p class=\"has-medium-font-size\"><strong>Quand le pape entra dans l\u2019\u00e9glise \u00ab il y trou\u00adva les empreintes de la croix et de l\u2019onction sainte faites par une main invisibleo\u00bb.\u2008<\/strong><\/p>\n\n\n<div class=\"wp-block-image\">\n<figure class=\"alignright size-full is-resized\"><img loading=\"lazy\" decoding=\"async\" width=\"472\" height=\"473\" src=\"https:\/\/figeac-en-quercy.fr\/wp-content\/uploads\/2024\/05\/Sceau_Consuls.jpg\" alt=\"\" class=\"wp-image-76\" style=\"width:304px;height:auto\" srcset=\"https:\/\/figeac.net\/wp-content\/uploads\/2024\/05\/Sceau_Consuls.jpg 472w, https:\/\/figeac.net\/wp-content\/uploads\/2024\/05\/Sceau_Consuls-300x300.jpg 300w, https:\/\/figeac.net\/wp-content\/uploads\/2024\/05\/Sceau_Consuls-150x150.jpg 150w\" sizes=\"auto, (max-width: 472px) 100vw, 472px\" \/><figcaption class=\"wp-element-caption\">Sceau des consuls.<\/figcaption><\/figure>\n<\/div>\n\n\n<p class=\"has-medium-font-size\"><strong>Une charte paraph\u00e9e par la main royale et une bulle portant le sceau du souverain pontife marqu\u00e8rent officiellement la naissance et la cons\u00e9cration du nouveau monast\u00e8re soumis \u00e0 la r\u00e8gle de saint Martin.&nbsp;<\/strong><\/p>\n\n\n\n<p class=\"has-large-font-size\"><strong><em>Figeac, <\/em>la <em>vraisemblance<\/em><\/strong><\/p>\n\n\n\n<p class=\"has-medium-font-size\"><strong>En r\u00e9alit\u00e9, la fondation de l\u2019abbaye de Figeac et, au-del\u00e0, de la ville elle-m\u00eame, est des plus incertaines. Il est vrai qu\u2019ont \u00e9t\u00e9 trouv\u00e9s, ici, sur le site urbain, divers vestiges d\u2019une occupation ancienne, tels des sarcophages m\u00e9rovingiens, des m\u00e9dailles romai\u00adnes, des morceaux de poteries, des gonds de portes encore scell\u00e9s dans la pierre. Mais de date, aucune.<\/strong><\/p>\n\n\n\n<p class=\"has-medium-font-size\"><strong>La vraisemblance veut que l\u2019on admette des liens de filiation entre les abbayes de Conques, de Lunan et de Figeac. L\u2019abbaye de Conques (situ\u00e9e en Aveyron), l\u2019une des plus prosp\u00e8res de la r\u00e9gion, aurait \u00e9t\u00e9 fond\u00e9e la premi\u00e8re, sous le r\u00e8gne de Charlemagne. Plus tard, elle aurait \u00e9tabli une par\u00ad\u00ad\u00adtie de ses moines \u00e0 Lunan, non loin de la gauloise Uxellodunum (Cap\u00addenac).\u2008Mais ceux-ci, peu satisfaits de leur cadre de vie, auraient sollicit\u00e9 de P\u00e9pin Ier d\u2019Aquitaine, fils de Louis le D\u00e9bonnaire, le droit de fonder un nouveau monast\u00e8re sur les rives du C\u00e9l\u00e9.\u2008<\/strong><\/p>\n\n\n\n<p class=\"has-medium-font-size\"><strong>Ce qui fut fait, selon un cartulaire de l\u2019abbaye de Conques, le 23 ao\u00fbt 838. L\u2019abbaye de Figeac d\u00e9pendait alors directement de cel\u00adle de Conques.\u2008Ce que n\u2019accept\u00e8rent bient\u00f4t plus ses moi\u00ad\u00adnes. D\u2019o\u00f9 de longues et invraisemblables tracasseries judiciaires, aboutissant \u00e0 une sentence du Concile de N\u00eemes, rendue en 1096.\u2008Les pr\u00e9lats confirm\u00e8rent alors la charte de P\u00e9\u00adpin le Bref et la bulle d\u2019\u00c9tienne II &#8211; que les historiens devaient, plus tard, consid\u00e9rer comme d\u2019ha\u00adbi\u00adles faux en \u00e9criture, r\u00e9alis\u00e9s par les moi\u00adnes de Figeac \u00e0 seule fin de d\u00e9fendre leurs propres int\u00e9r\u00eats.<\/strong><\/p>\n\n\n\n<div style=\"height:19px\" aria-hidden=\"true\" class=\"wp-block-spacer\"><\/div>\n\n\n<div class=\"wp-block-image\">\n<figure class=\"aligncenter size-full\"><img loading=\"lazy\" decoding=\"async\" width=\"950\" height=\"496\" src=\"https:\/\/figeac-en-quercy.fr\/wp-content\/uploads\/2024\/05\/Salle-capitulaire.jpeg\" alt=\"\" class=\"wp-image-80\" srcset=\"https:\/\/figeac.net\/wp-content\/uploads\/2024\/05\/Salle-capitulaire.jpeg 950w, https:\/\/figeac.net\/wp-content\/uploads\/2024\/05\/Salle-capitulaire-300x157.jpeg 300w, https:\/\/figeac.net\/wp-content\/uploads\/2024\/05\/Salle-capitulaire-768x401.jpeg 768w\" sizes=\"auto, (max-width: 950px) 100vw, 950px\" \/><figcaption class=\"wp-element-caption\">Retable de l&rsquo;ancienne salle capitulaire.<\/figcaption><\/figure>\n<\/div>\n\n\n<div style=\"height:11px\" aria-hidden=\"true\" class=\"wp-block-spacer\"><\/div>\n\n\n<div class=\"wp-block-image\">\n<figure class=\"aligncenter size-full is-resized\"><img loading=\"lazy\" decoding=\"async\" width=\"1178\" height=\"959\" src=\"https:\/\/figeac.net\/wp-content\/uploads\/2025\/08\/BELIER.jpeg\" alt=\"\" class=\"wp-image-398\" style=\"width:100px;height:auto\" srcset=\"https:\/\/figeac.net\/wp-content\/uploads\/2025\/08\/BELIER.jpeg 1178w, https:\/\/figeac.net\/wp-content\/uploads\/2025\/08\/BELIER-300x244.jpeg 300w, https:\/\/figeac.net\/wp-content\/uploads\/2025\/08\/BELIER-1024x834.jpeg 1024w, https:\/\/figeac.net\/wp-content\/uploads\/2025\/08\/BELIER-768x625.jpeg 768w, https:\/\/figeac.net\/wp-content\/uploads\/2025\/08\/BELIER-200x163.jpeg 200w\" sizes=\"auto, (max-width: 1178px) 100vw, 1178px\" \/><\/figure>\n<\/div>\n\n\n<p><\/p>\n","protected":false},"excerpt":{"rendered":"<p>Histoire d&rsquo;une ville Visiter la ville avec&#8230; Le guide de Figeac Ouvrage paru en 1997,&nbsp;r\u00e9\u00e9dit\u00e9 en 2018 104 pages &#8211; Aux &nbsp;\u00c9ditions &nbsp;Segnat Diffusion :&nbsp;Amazon.fr Prix TTC : &nbsp; &nbsp; 9,99 &nbsp;\u20ac (ebook Kindle : 2,99 \u20ac) &#8212;&#8212;&#8212;- Les premi\u00e8res pages Figeac, la l\u00e9gende Une rivi\u00e8re tranquille entre des berges verdoy\u00adantes et fertiles.\u2008Des collines sauvages&#8230;<\/p>\n","protected":false},"author":1,"featured_media":0,"parent":0,"menu_order":0,"comment_status":"closed","ping_status":"closed","template":"","meta":{"_kad_post_transparent":"","_kad_post_title":"","_kad_post_layout":"","_kad_post_sidebar_id":"","_kad_post_content_style":"","_kad_post_vertical_padding":"","_kad_post_feature":"","_kad_post_feature_position":"","_kad_post_header":false,"_kad_post_footer":false,"footnotes":""},"class_list":["post-62","page","type-page","status-publish","hentry"],"_links":{"self":[{"href":"https:\/\/figeac.net\/index.php?rest_route=\/wp\/v2\/pages\/62","targetHints":{"allow":["GET"]}}],"collection":[{"href":"https:\/\/figeac.net\/index.php?rest_route=\/wp\/v2\/pages"}],"about":[{"href":"https:\/\/figeac.net\/index.php?rest_route=\/wp\/v2\/types\/page"}],"author":[{"embeddable":true,"href":"https:\/\/figeac.net\/index.php?rest_route=\/wp\/v2\/users\/1"}],"replies":[{"embeddable":true,"href":"https:\/\/figeac.net\/index.php?rest_route=%2Fwp%2Fv2%2Fcomments&post=62"}],"version-history":[{"count":12,"href":"https:\/\/figeac.net\/index.php?rest_route=\/wp\/v2\/pages\/62\/revisions"}],"predecessor-version":[{"id":423,"href":"https:\/\/figeac.net\/index.php?rest_route=\/wp\/v2\/pages\/62\/revisions\/423"}],"wp:attachment":[{"href":"https:\/\/figeac.net\/index.php?rest_route=%2Fwp%2Fv2%2Fmedia&parent=62"}],"curies":[{"name":"wp","href":"https:\/\/api.w.org\/{rel}","templated":true}]}}