{"id":382,"date":"2025-09-06T12:55:36","date_gmt":"2025-09-06T12:55:36","guid":{"rendered":"https:\/\/figeac-en-quercy.fr\/?page_id=382"},"modified":"2025-11-25T08:24:36","modified_gmt":"2025-11-25T08:24:36","slug":"regrets","status":"publish","type":"page","link":"https:\/\/figeac.net\/?page_id=382","title":{"rendered":"REGRETS"},"content":{"rendered":"<div class=\"wp-block-image\">\n<figure class=\"aligncenter size-full is-resized\"><img loading=\"lazy\" decoding=\"async\" width=\"343\" height=\"342\" src=\"https:\/\/figeac.net\/wp-content\/uploads\/2025\/11\/Passer-son-chemin.jpg\" alt=\"\" class=\"wp-image-451\" style=\"width:138px;height:auto\" srcset=\"https:\/\/figeac.net\/wp-content\/uploads\/2025\/11\/Passer-son-chemin.jpg 343w, https:\/\/figeac.net\/wp-content\/uploads\/2025\/11\/Passer-son-chemin-300x300.jpg 300w, https:\/\/figeac.net\/wp-content\/uploads\/2025\/11\/Passer-son-chemin-150x150.jpg 150w, https:\/\/figeac.net\/wp-content\/uploads\/2025\/11\/Passer-son-chemin-200x199.jpg 200w\" sizes=\"auto, (max-width: 343px) 100vw, 343px\" \/><figcaption class=\"wp-element-caption\">Passer son chemin&#8230;<\/figcaption><\/figure>\n<\/div>\n\n\n<h2 class=\"wp-block-heading has-text-align-center has-larger-font-size\">Au temps qui passe&#8230;<\/h2>\n\n\n\n<h2 class=\"wp-block-heading has-medium-font-size\">Longtemps, Figeac a \u00e9t\u00e9 une cit\u00e9 accueillante o\u00f9 il \u00e9tait bon de poser sa valise pour y vivre, heureux, le reste de son \u00e2ge. Mais ce temps semble aujourd&rsquo;hui bien r\u00e9volu.<\/h2>\n\n\n\n<p class=\"has-medium-font-size\"><br><strong>Ici, les taxes locales semblent d\u00e9sormais consacr\u00e9es \u00e0 des projets d&rsquo;utilit\u00e9 publique bien \u00e9loign\u00e9s des int\u00e9r\u00eats et du bien \u00eatre des r\u00e9sidents<\/strong>.<\/p>\n\n\n\n<p class=\"has-medium-font-size\"><strong>On en veut pour preuve l&rsquo;am\u00e9nagement de la place Carnot (jadis de la Halle, aujourd&rsquo;hui de Casse-Gueule), rendue inaccessible aux personnes handicap\u00e9es. <\/strong><\/p>\n\n\n\n<p class=\"has-medium-font-size\"><strong>Ici, on \u00e9teint la nuit l\u2019\u00e9clairage public \u00e0 seule fin de faciliter les cambriolages (en le r\u00e9tablissant \u00e9ventuellement quand le jour se l\u00e8ve&#8230;),<\/strong><\/p>\n\n\n\n<p class=\"has-medium-font-size\"><strong>Ici, on ne collecte plus les ordures m\u00e9nag\u00e8res pour donner, sans aucun doute, de l\u2019exercice aux personnes \u00e2g\u00e9es,<\/strong><\/p>\n\n\n\n<p class=\"has-medium-font-size\"><strong>Ici, on interdit le stationnement en centre-ville pour encourager les habitants \u00e0 fr\u00e9quenter les grandes surfaces,<\/strong><\/p>\n\n\n\n<p class=\"has-medium-font-size\"><strong>Tout en  lan\u00e7ant de grandes op\u00e9rations, du genre \u00ab Commerce en selle \u201d pour les v\u00e9los de location ou \u00ab Je me mets au compost \u00bb&#8230;  pour les locataires d&rsquo;appartement. <\/strong><\/p>\n\n\n\n<p class=\"has-medium-font-size\"><strong>Ici, on ne d\u00e9sherbe plus les rues, en vue de d\u00e9fendre l\u2019\u00e9cologie et de pr\u00e9server l\u2019avenir des vers de terre,<\/strong><\/p>\n\n\n\n<p class=\"has-medium-font-size\"><strong>Bref, on encourage ici, par tous les moyens qui soient, les r\u00e9sidents \u00e0 s&rsquo;en aller, au plus vite, habiter ailleurs\u2026<\/strong> <strong>Sans pour autant envisager un seul instant de diminuer le montant des imp\u00f4ts locaux&#8230;<\/strong><\/p>\n\n\n\n<p class=\"has-medium-font-size\"><\/p>\n\n\n<div class=\"wp-block-image\">\n<figure class=\"aligncenter size-large is-resized\"><img loading=\"lazy\" decoding=\"async\" width=\"1024\" height=\"834\" src=\"https:\/\/figeac.net\/wp-content\/uploads\/2025\/08\/BELIER-1024x834.jpeg\" alt=\"\" class=\"wp-image-398\" style=\"width:100px\" srcset=\"https:\/\/figeac.net\/wp-content\/uploads\/2025\/08\/BELIER-1024x834.jpeg 1024w, https:\/\/figeac.net\/wp-content\/uploads\/2025\/08\/BELIER-300x244.jpeg 300w, https:\/\/figeac.net\/wp-content\/uploads\/2025\/08\/BELIER-768x625.jpeg 768w, https:\/\/figeac.net\/wp-content\/uploads\/2025\/08\/BELIER-200x163.jpeg 200w, https:\/\/figeac.net\/wp-content\/uploads\/2025\/08\/BELIER.jpeg 1178w\" sizes=\"auto, (max-width: 1024px) 100vw, 1024px\" \/><\/figure>\n<\/div>\n\n\n<p><\/p>\n","protected":false},"excerpt":{"rendered":"<p>Au temps qui passe&#8230; Longtemps, Figeac a \u00e9t\u00e9 une cit\u00e9 accueillante o\u00f9 il \u00e9tait bon de poser sa valise pour y vivre, heureux, le reste de son \u00e2ge. Mais ce temps semble aujourd&rsquo;hui bien r\u00e9volu. Ici, les taxes locales semblent d\u00e9sormais consacr\u00e9es \u00e0 des projets d&rsquo;utilit\u00e9 publique bien \u00e9loign\u00e9s des int\u00e9r\u00eats et du bien \u00eatre&#8230;<\/p>\n","protected":false},"author":1,"featured_media":0,"parent":0,"menu_order":0,"comment_status":"closed","ping_status":"closed","template":"","meta":{"_kad_post_transparent":"","_kad_post_title":"","_kad_post_layout":"","_kad_post_sidebar_id":"","_kad_post_content_style":"","_kad_post_vertical_padding":"","_kad_post_feature":"","_kad_post_feature_position":"","_kad_post_header":false,"_kad_post_footer":false,"footnotes":""},"class_list":["post-382","page","type-page","status-publish","hentry"],"_links":{"self":[{"href":"https:\/\/figeac.net\/index.php?rest_route=\/wp\/v2\/pages\/382","targetHints":{"allow":["GET"]}}],"collection":[{"href":"https:\/\/figeac.net\/index.php?rest_route=\/wp\/v2\/pages"}],"about":[{"href":"https:\/\/figeac.net\/index.php?rest_route=\/wp\/v2\/types\/page"}],"author":[{"embeddable":true,"href":"https:\/\/figeac.net\/index.php?rest_route=\/wp\/v2\/users\/1"}],"replies":[{"embeddable":true,"href":"https:\/\/figeac.net\/index.php?rest_route=%2Fwp%2Fv2%2Fcomments&post=382"}],"version-history":[{"count":12,"href":"https:\/\/figeac.net\/index.php?rest_route=\/wp\/v2\/pages\/382\/revisions"}],"predecessor-version":[{"id":454,"href":"https:\/\/figeac.net\/index.php?rest_route=\/wp\/v2\/pages\/382\/revisions\/454"}],"wp:attachment":[{"href":"https:\/\/figeac.net\/index.php?rest_route=%2Fwp%2Fv2%2Fmedia&parent=382"}],"curies":[{"name":"wp","href":"https:\/\/api.w.org\/{rel}","templated":true}]}}