{"id":244,"date":"2024-05-30T06:45:52","date_gmt":"2024-05-30T06:45:52","guid":{"rendered":"https:\/\/figeac-en-quercy.fr\/?page_id=244"},"modified":"2025-09-06T09:23:56","modified_gmt":"2025-09-06T09:23:56","slug":"monnaie","status":"publish","type":"page","link":"https:\/\/figeac.net\/?page_id=244","title":{"rendered":"MONNAIE"},"content":{"rendered":"\n<h2 class=\"wp-block-heading has-text-align-center has-larger-font-size\"><strong>Quand Figeac battait monnaie&#8230;<\/strong><\/h2>\n\n\n<div class=\"wp-block-image\">\n<figure class=\"aligncenter size-full is-resized\"><img loading=\"lazy\" decoding=\"async\" width=\"945\" height=\"582\" src=\"https:\/\/figeac-en-quercy.fr\/wp-content\/uploads\/2024\/05\/NB_HotMonnaie.jpg\" alt=\"\" class=\"wp-image-255\" style=\"width:661px;height:auto\" srcset=\"https:\/\/figeac.net\/wp-content\/uploads\/2024\/05\/NB_HotMonnaie.jpg 945w, https:\/\/figeac.net\/wp-content\/uploads\/2024\/05\/NB_HotMonnaie-300x185.jpg 300w, https:\/\/figeac.net\/wp-content\/uploads\/2024\/05\/NB_HotMonnaie-768x473.jpg 768w\" sizes=\"auto, (max-width: 945px) 100vw, 945px\" \/><\/figure>\n<\/div>\n\n\n<div style=\"height:47px\" aria-hidden=\"true\" class=\"wp-block-spacer\"><\/div>\n\n\n<div class=\"wp-block-image\">\n<figure class=\"alignleft size-full is-resized\"><img loading=\"lazy\" decoding=\"async\" width=\"189\" height=\"178\" src=\"https:\/\/figeac-en-quercy.fr\/wp-content\/uploads\/2024\/05\/HARDI_NB.jpg\" alt=\"\" class=\"wp-image-247\" style=\"width:397px;height:auto\"\/><\/figure>\n<\/div>\n\n\n<p class=\"has-medium-font-size\"><strong>Demandez \u00e0 n\u2019importe qui, \u00e0 Figeac, de vous indiquer l\u2019H\u00f4tel de la Monnaie \u2013 en langue d\u2019oc : l\u2019Oustal de la mouneda \u2013, et vous aboutirez in\u00e9vitablement, en quelques mi\u00adnutes, sur la place Vival \u00e0 une bien curieuse construction de l\u2019\u00e9poque m\u00e9di\u00e9vale, au \u00ab soleilho \u00bb disproportionn\u00e9, qui se veut, de nos jours, Office r\u00e9gional de tourisme.<\/strong><\/p>\n\n\n\n<p class=\"has-medium-font-size\"><strong>N\u00e9anmoins, sachez-le, si on a un jour battu monnaie \u00e0 Figeac, ce ne fut pas en cet h\u00f4tel dit de la monnaie\u2026<\/strong> <strong>Depuis un si\u00e8cle, la tradition populaire locale attribue \u00e0 cet \u00ab h\u00f4tel \u00bb qui fut en son temps, \u00e0 n\u2019en point douter, une riche demeure bourgeoise, avec ses arcades et ses fen\u00eatres g\u00e9min\u00e9es ou tern\u00e9es, la magie de l\u2019or et de l\u2019argent. Le m\u00e9rite en revient, sans doute, \u00e0 un ancien ma\u00eetre d\u2019\u00e9cole qui fut aussi membre du conseil municipal, Louis Cavali\u00e9.\u2008Celui-ci ayant not\u00e9 que l\u2019\u00e9difice ne figurait pas sur les vieux r\u00f4les fiscaux en avait conclu, lors de sa restauration au d\u00e9but du XXe si\u00e8cle, qu\u2019il ne pouvait s\u2019agir que d\u2019un b\u00e2timent \u00ab public \u00bb ; et comme \u00e0 Fi\u00adgeac, on avait au Moyen-\u00c2ge fabriqu\u00e9 de la monnaie, ce ne pouvait \u00eatre, selon lui, qu\u2019en ce lieu.<\/strong><br><strong>C.Q.F.D.<\/strong><\/p>\n\n\n\n<p class=\"has-medium-font-size\"><strong>On pense g\u00e9n\u00e9ralement aujourd\u2019hui que l\u2019h\u00f4tel de la Mon\u00ad\u00adnaie n\u2019a jamais abrit\u00e9 le moindre atelier de fabrication local. On ne peut pas, cependant, m\u00eame en notre temps moderne, indiquer avec certitude d\u2019autre lieu local.\u2008 Une chose est s\u00fbre, quoi qu\u2019il en soit : on a battu monnaie \u00e0 Figeac aux XIV et XVe si\u00e8cles.<\/strong><\/p>\n\n\n<div class=\"wp-block-image\">\n<figure class=\"alignright size-large is-resized\"><img loading=\"lazy\" decoding=\"async\" width=\"807\" height=\"1024\" src=\"https:\/\/figeac-en-quercy.fr\/wp-content\/uploads\/2024\/05\/Sacre_Philippe-V-807x1024.jpg\" alt=\"\" class=\"wp-image-249\" style=\"width:386px;height:auto\" srcset=\"https:\/\/figeac.net\/wp-content\/uploads\/2024\/05\/Sacre_Philippe-V-807x1024.jpg 807w, https:\/\/figeac.net\/wp-content\/uploads\/2024\/05\/Sacre_Philippe-V-236x300.jpg 236w, https:\/\/figeac.net\/wp-content\/uploads\/2024\/05\/Sacre_Philippe-V-768x974.jpg 768w, https:\/\/figeac.net\/wp-content\/uploads\/2024\/05\/Sacre_Philippe-V.jpg 945w\" sizes=\"auto, (max-width: 807px) 100vw, 807px\" \/><figcaption class=\"wp-element-caption\">Le savcre de Philippe V (1317).<\/figcaption><\/figure>\n<\/div>\n\n\n<p class=\"has-large-font-size\"><strong>Une charte royale<\/strong><\/p>\n\n\n\n<p class=\"has-medium-font-size\"><strong>Dans la charte qu\u2019il accorda en 1318 aux Figeacois, Phi\u00adlippe V dit le Long stipulait clairement que \u00ab les Consuls en corps\u2026 surveilleront et s\u2019assureront la fabrication de la monnaie et s\u2019assureront que l\u2019argent soit fin et \u00e9prouv\u00e9 avant d\u2019imprimer sur les pi\u00e8ces le sceau du consulat,<br>\u00ab S\u2019il [l\u2019argent] est de bon aloi, ajoutait-il, ils le marqueront et s\u2019il ne l\u2019est pas ils le feront affiner. \u00bb<\/strong><\/p>\n\n\n\n<p class=\"has-medium-font-size\"><strong>D\u00e8s 1348, Figeac fut cit\u00e9e comme fabriquant des \u00e9cus d\u2019or, des gros tournois \u00e0 la queue, des poilevilains et des double-tournois. En avril 1350, Philippe VI de Valois, guerroyant contre les anglais, prescrivit \u00e0 deux de ses lieutenant d\u2019\u00ab aller recueillir l\u2019argent pour la garde et la d\u00e9fense du pays \u00bb et de \u00ab prendre tout celui qu\u2019ils trouveront dans les h\u00f4tels des monnaies de Toulouse, Montpellier et Figeac o\u00f9 l\u2019on fabrique les esp\u00e8ces au coin du roi \u00bb.<\/strong> <strong>Pendant son occupation par les arm\u00e9es anglaises, suite au trait\u00e9 de Br\u00e9tigny (1360) Figeac n\u2019en continua pas moins \u00e0 fabriquer des monnaies ; tout comme elle en refrappa, pour le pouvoir royal, sous le r\u00e8gne de Charles V le Sage, apr\u00e8s le re\u00adtour du Quercy dans le royaume de France.<\/strong><\/p>\n\n\n<div class=\"wp-block-image\">\n<figure class=\"alignleft size-full is-resized\"><img loading=\"lazy\" decoding=\"async\" width=\"378\" height=\"525\" src=\"https:\/\/figeac-en-quercy.fr\/wp-content\/uploads\/2024\/05\/Prince-noir.jpg\" alt=\"\" class=\"wp-image-257\" style=\"width:338px;height:auto\" srcset=\"https:\/\/figeac.net\/wp-content\/uploads\/2024\/05\/Prince-noir.jpg 378w, https:\/\/figeac.net\/wp-content\/uploads\/2024\/05\/Prince-noir-216x300.jpg 216w\" sizes=\"auto, (max-width: 378px) 100vw, 378px\" \/><figcaption class=\"wp-element-caption\">Edouard, dit le Prince noir.<\/figcaption><\/figure>\n<\/div>\n\n\n<p class=\"has-medium-font-size\"><strong>L\u2019activit\u00e9 des monnayeurs figeacois se poursuivit au XVe si\u00e8cle, avec le roi Charles VII dit le Victorieux qui prescrivit d\u2019apporter sur le m\u00e9tal comme diff\u00e9rent \u2013 ou marque distinctive \u2013 un \u00ab f \u00bb cursif destin\u00e9 \u00e0 diff\u00e9rencier la monnaie de Figeac et celle de Fontenay-le-Comte.<\/strong><\/p>\n\n\n\n<p class=\"has-medium-font-size\"><strong>Mais en 1444, Charles VII \u2013 le roi de Jeanne d\u2019Arc \u2013 r\u00e9duisit lui-m\u00eame le nombre des villes poss\u00e9dant le privil\u00e8ge de battre monnaie.\u2008\u00c0 Figeac, victime de la d\u00e9cision royale, disparut alors toute trace de la pres\u00adtigieuse corporation des monnayeurs qui disposait jusque l\u00e0 de multiples privil\u00e8geso: d\u00e9pendant du Serment de France, ceux-ci \u00e9taient en effet \u00aboexempts de tailles, de taillons, de subsides, de crues, d\u2019ai\u00addes, de corv\u00e9es et de toutes lev\u00e9es de deniers tant ordinaires qu\u2019extraordinaires \u00bb. Un si\u00e8cle durant, donc, il s\u2019est fabriqu\u00e9 \u00e0 Figeac des \u00e9cus d\u2019or, des gros tournois et autres pi\u00e8ces d\u2019argent ; ceci est un fait assur\u00e9, connu des experts et collectionneurs de monnaies<\/strong>.<\/p>\n\n\n<div class=\"wp-block-image\">\n<figure class=\"alignright size-full is-resized\"><img loading=\"lazy\" decoding=\"async\" width=\"453\" height=\"651\" src=\"https:\/\/figeac-en-quercy.fr\/wp-content\/uploads\/2024\/05\/24_Porte_Monnaie.jpg\" alt=\"\" class=\"wp-image-256\" style=\"width:321px;height:auto\" srcset=\"https:\/\/figeac.net\/wp-content\/uploads\/2024\/05\/24_Porte_Monnaie.jpg 453w, https:\/\/figeac.net\/wp-content\/uploads\/2024\/05\/24_Porte_Monnaie-209x300.jpg 209w\" sizes=\"auto, (max-width: 453px) 100vw, 453px\" \/><\/figure>\n<\/div>\n\n\n<p class=\"has-medium-font-size\"><strong>Reste, aujourd\u2019hui, un h\u00f4tel de la monnaie au pass\u00e9 incertain, ainsi, il y a lieu de le rappeler, qu\u2019une \u00e9troite ruelle, toujours d\u00e9nomm\u00e9e rue de la monnaie, d\u00e9bouchant sur la rue Seguier, o\u00f9 se remarque une bien curieuse porte, sans doute la plus vieille de la ville, que surmontent d\u2019\u00e9tranges armoiries o\u00f9 figurent le soleil (symbole de l\u2019or) et la lune (symbole de l\u2019argent).\u2008<\/strong><\/p>\n\n\n\n<p class=\"has-medium-font-size\"><strong>Ici, peut-\u00eatre, se trouvait jadis install\u00e9e la fabrique de monnaies que l\u2019on a voulu, mais en vain, trouver ailleurs.<\/strong><\/p>\n\n\n\n<p class=\"has-medium-font-size\"><strong>Les pi\u00e8ces de monnaie fabriqu\u00e9es \u00e0 Figeac \u00e0 l\u2019\u00e8re m\u00e9di\u00e9vale sont extr\u00eamement rares de nos jours ; et difficilement identifiables \u2013 une affaire d\u2019experts. C\u2019est pourquoi il nous a \u00e9t\u00e9 agr\u00e9able d\u2019en d\u00e9couvrir deux dans la collection priv\u00e9e d\u2019un numismate aveyronnais.<\/strong><\/p>\n\n\n\n<p class=\"has-medium-font-size\"><strong>Pour notre plaisir, et en raison du caract\u00e8re documentaire qu\u2019elles pr\u00e9sentent, nous les reproduisons ici, en compl\u00e9ment et en illustration de notre Chronique.<\/strong><\/p>\n\n\n\n<p class=\"has-large-font-size\"><strong>Un Hardi d\u2019argent (1368) du Prince noir<\/strong><\/p>\n\n\n\n<p class=\"has-medium-font-size\"><strong>Cette pi\u00e8ce, d\u2019un diam\u00e8tre de 19 mm et d\u2019un poids de 1,06 gramme, a \u00e9t\u00e9 frapp\u00e9e dans l\u2019argent. Elle pr\u00e9sente en son avers Edouard, fils du roi d\u2019Angleterre, sous un dais orn\u00e9 de d\u2019eux roses.<\/strong> <strong>Le \u00ab Prince Noir \u00bb, puisqu\u2019il s\u2019agit de lui, tient une \u00e9p\u00e9e de la main droite et l\u00e8ve la main gauche dans un geste de majest\u00e9. Au revers de la pi\u00e8ce figure une croix aux deux lis (fran\u00e7ais) et aux deux l\u00e9opards (saxons), alliant les couronnes de France et d\u2019Angleterre dont les Plantagen\u00eat se d\u00e9claraient titulaires.<\/strong><\/p>\n\n\n<div class=\"wp-block-image\">\n<figure class=\"aligncenter size-full\"><img loading=\"lazy\" decoding=\"async\" width=\"605\" height=\"310\" src=\"https:\/\/figeac-en-quercy.fr\/wp-content\/uploads\/2024\/05\/Hardi-du-roi.jpg\" alt=\"\" class=\"wp-image-250\" srcset=\"https:\/\/figeac.net\/wp-content\/uploads\/2024\/05\/Hardi-du-roi.jpg 605w, https:\/\/figeac.net\/wp-content\/uploads\/2024\/05\/Hardi-du-roi-300x154.jpg 300w\" sizes=\"auto, (max-width: 605px) 100vw, 605px\" \/><\/figure>\n<\/div>\n\n\n<p class=\"has-medium-font-size\"><strong>Edouard (1330-1376) \u00e9tait le fils a\u00een\u00e9 d\u2019Edouard III Plantagen\u00eat et de Philippa de Hainaut. Apr\u00e8s avoir fait ses premi\u00e8res armes \u00e0 la bataille de Cr\u00e9cy (1346), il fit campagne en Aquitaine et en Poitou, faisant prisonnier le roi Jean II le Bon \u00e0 Poitiers (1356) \u2013 don la ran\u00e7on comprit, apr\u00e8s quatre ann\u00e9es de d\u00e9tention, la cession \u00e0 l\u2019Angleterre de plusieurs r\u00e9gions dont le Rouergue et le Quercy.<\/strong> <strong>D\u2019o\u00f9, par voie de cons\u00e9quence, la frappe de pi\u00e8ces de monnaie \u00e0 l\u2019effigie du Prince dans la fabrique royale de Figeac.<\/strong><\/p>\n\n\n\n<p class=\"has-large-font-size\"><strong>Un Gros du Dauphin dit \u00ab florette \u00bb (1421)<\/strong><\/p>\n\n\n\n<p class=\"has-medium-font-size\"><strong>La pi\u00e8ce a un diam\u00e8tre de 24 mm et un poids de 1,43 gramme ; elle est d\u2019argent.\u2008A son avers figurent trois lis plac\u00e9s sous une couronne royale. A son revers se trouve une croix fleurdelis\u00e9e cantonn\u00e9e aux 2 et 3 d\u2019une couronne, entour\u00e9e d\u2019une devise latine signifiant : B\u00e9ni sois le nom du Seigneur. Elle a \u00e9t\u00e9 frapp\u00e9e sur un flan irr\u00e9gulier et pr\u00e9sente des \u00e9clatements. Il s\u2019agit d\u2019un Gros du Dauphin encore appel\u00e9 \u00ab Florette \u00bb dont la fabrication remonte \u00e0 l\u2019ann\u00e9e 1421, ce type de pi\u00e8ce ayant \u00e9t\u00e9 mis en frappe de 1418 \u00e0 1422.<\/strong><\/p>\n\n\n<div class=\"wp-block-image\">\n<figure class=\"aligncenter size-full\"><img loading=\"lazy\" decoding=\"async\" width=\"605\" height=\"316\" src=\"https:\/\/figeac-en-quercy.fr\/wp-content\/uploads\/2024\/05\/GrosduRoi.jpg\" alt=\"\" class=\"wp-image-251\" srcset=\"https:\/\/figeac.net\/wp-content\/uploads\/2024\/05\/GrosduRoi.jpg 605w, https:\/\/figeac.net\/wp-content\/uploads\/2024\/05\/GrosduRoi-300x157.jpg 300w\" sizes=\"auto, (max-width: 605px) 100vw, 605px\" \/><\/figure>\n<\/div>\n\n\n<p class=\"has-medium-font-size\"><strong>Le dauphin auquel il s\u2019est agi de rendre ainsi hommage n\u2019\u00e9tait autre que Charles (1403-1461), cinqui\u00e8me fils de Charles VI et d\u2019Isabeau de Bavi\u00e8re, appel\u00e9 \u00e0 r\u00e9gner suite \u00e0 la mort de ses fr\u00e8res a\u00een\u00e9s sous le nom de Charles VII \u2013 le petit Roi de Bourges, auquel une certaine Jeanne, venue de Lorraine, permit de reconstituer un royaume de France.<\/strong><\/p>\n\n\n\n<p class=\"has-medium-font-size\"><strong>Il est \u00e0 noter que les deux pi\u00e8ces d\u00e9crites ici pr\u00e9sentent le \u00ab f \u00bb caract\u00e9ristique de la fabrique royale de Figeac ; et ont \u00e9t\u00e9 reconnues authentiques.<\/strong><\/p>\n\n\n\n<p>\u00a8<\/p>\n\n\n\n<div style=\"height:30px\" aria-hidden=\"true\" class=\"wp-block-spacer\"><\/div>\n\n\n<div class=\"wp-block-image\">\n<figure class=\"aligncenter size-full\"><img loading=\"lazy\" decoding=\"async\" width=\"189\" height=\"191\" src=\"https:\/\/figeac-en-quercy.fr\/wp-content\/uploads\/2024\/05\/GROS_NB.jpg\" alt=\"\" class=\"wp-image-252\"\/><\/figure>\n<\/div>","protected":false},"excerpt":{"rendered":"<p>Quand Figeac battait monnaie&#8230; Demandez \u00e0 n\u2019importe qui, \u00e0 Figeac, de vous indiquer l\u2019H\u00f4tel de la Monnaie \u2013 en langue d\u2019oc : l\u2019Oustal de la mouneda \u2013, et vous aboutirez in\u00e9vitablement, en quelques mi\u00adnutes, sur la place Vival \u00e0 une bien curieuse construction de l\u2019\u00e9poque m\u00e9di\u00e9vale, au \u00ab soleilho \u00bb disproportionn\u00e9, qui se veut, de&#8230;<\/p>\n","protected":false},"author":1,"featured_media":0,"parent":0,"menu_order":0,"comment_status":"closed","ping_status":"closed","template":"","meta":{"_kad_post_transparent":"","_kad_post_title":"","_kad_post_layout":"","_kad_post_sidebar_id":"","_kad_post_content_style":"","_kad_post_vertical_padding":"","_kad_post_feature":"","_kad_post_feature_position":"","_kad_post_header":false,"_kad_post_footer":false,"footnotes":""},"class_list":["post-244","page","type-page","status-publish","hentry"],"_links":{"self":[{"href":"https:\/\/figeac.net\/index.php?rest_route=\/wp\/v2\/pages\/244","targetHints":{"allow":["GET"]}}],"collection":[{"href":"https:\/\/figeac.net\/index.php?rest_route=\/wp\/v2\/pages"}],"about":[{"href":"https:\/\/figeac.net\/index.php?rest_route=\/wp\/v2\/types\/page"}],"author":[{"embeddable":true,"href":"https:\/\/figeac.net\/index.php?rest_route=\/wp\/v2\/users\/1"}],"replies":[{"embeddable":true,"href":"https:\/\/figeac.net\/index.php?rest_route=%2Fwp%2Fv2%2Fcomments&post=244"}],"version-history":[{"count":7,"href":"https:\/\/figeac.net\/index.php?rest_route=\/wp\/v2\/pages\/244\/revisions"}],"predecessor-version":[{"id":422,"href":"https:\/\/figeac.net\/index.php?rest_route=\/wp\/v2\/pages\/244\/revisions\/422"}],"wp:attachment":[{"href":"https:\/\/figeac.net\/index.php?rest_route=%2Fwp%2Fv2%2Fmedia&parent=244"}],"curies":[{"name":"wp","href":"https:\/\/api.w.org\/{rel}","templated":true}]}}