{"id":24,"date":"2024-05-21T12:50:24","date_gmt":"2024-05-21T12:50:24","guid":{"rendered":"https:\/\/figeac-en-quercy.fr\/?page_id=24"},"modified":"2025-09-06T09:23:02","modified_gmt":"2025-09-06T09:23:02","slug":"champollion-le-jeune","status":"publish","type":"page","link":"https:\/\/figeac.net\/?page_id=24","title":{"rendered":"CHAMPOLLION LE JEUNE"},"content":{"rendered":"<div class=\"wp-block-image\">\n<figure class=\"aligncenter size-full is-resized\"><img loading=\"lazy\" decoding=\"async\" width=\"831\" height=\"586\" src=\"https:\/\/figeac-en-quercy.fr\/wp-content\/uploads\/2024\/05\/Grenoble.jpg\" alt=\"\" class=\"wp-image-188\" style=\"width:687px;height:auto\" srcset=\"https:\/\/figeac.net\/wp-content\/uploads\/2024\/05\/Grenoble.jpg 831w, https:\/\/figeac.net\/wp-content\/uploads\/2024\/05\/Grenoble-300x212.jpg 300w, https:\/\/figeac.net\/wp-content\/uploads\/2024\/05\/Grenoble-768x542.jpg 768w\" sizes=\"auto, (max-width: 831px) 100vw, 831px\" \/><\/figure>\n<\/div>\n\n\n<div style=\"height:8px\" aria-hidden=\"true\" class=\"wp-block-spacer\"><\/div>\n\n\n<div class=\"wp-block-image\">\n<figure class=\"alignright size-full is-resized\"><img loading=\"lazy\" decoding=\"async\" width=\"620\" height=\"956\" src=\"https:\/\/figeac-en-quercy.fr\/wp-content\/uploads\/2024\/05\/2018_champollion.jpg\" alt=\"\" class=\"wp-image-153\" style=\"width:315px;height:auto\" srcset=\"https:\/\/figeac.net\/wp-content\/uploads\/2024\/05\/2018_champollion.jpg 620w, https:\/\/figeac.net\/wp-content\/uploads\/2024\/05\/2018_champollion-195x300.jpg 195w\" sizes=\"auto, (max-width: 620px) 100vw, 620px\" \/><\/figure>\n<\/div>\n\n\n<p class=\"has-xxlarge-font-size\"><strong>Jean-Fran\u00e7ois Champollion<\/strong><\/p>\n\n\n\n<p class=\"has-xxlarge-font-size\"><strong>&nbsp; &nbsp; &nbsp; &nbsp; &nbsp;&nbsp;<em>le d\u00e9chiffreur de hi\u00e9roglyphes<\/em><\/strong><\/p>\n\n\n\n<p class=\"has-medium-font-size\"><strong>&nbsp; &nbsp; &nbsp; &nbsp; &nbsp; &nbsp; par Guy &nbsp;Chassagnard<\/strong><\/p>\n\n\n\n<p><strong>Ouvrage paru en 2001, r\u00e9\u00e9dit\u00e9 en 2018<\/strong><\/p>\n\n\n\n<p><strong>420 pages &#8211; Aux &nbsp;\u00c9ditions &nbsp; Segnat<\/strong><\/p>\n\n\n\n<p><strong>Diffusion :&nbsp;<a href=\"https:\/\/www.amazon.fr\/CHAMPOLLION-JEAN-FRAN%C3%87OIS-hi%C3%A9roglyphes-Guy-Chassagnard\/dp\/1980741964\/ref=sr_1_33?__mk_fr_FR=%C3%85M%C3%85%C5%BD%C3%95%C3%91&amp;dchild=1&amp;keywords=guy+chassagnard&amp;qid=1601899384&amp;s=books&amp;sr=1-33\" target=\"_blank\" rel=\"noreferrer noopener\">Amazon.fr<\/a><\/strong><\/p>\n\n\n\n<p><strong>Prix TTC : &nbsp; &nbsp; 19,99 &nbsp;\u20ac<\/strong><\/p>\n\n\n\n<p class=\"has-large-font-size\"><strong>&#8212;&#8212;&#8212;-<\/strong><\/p>\n\n\n\n<p class=\"has-text-align-center has-large-font-size\"> <strong>L&rsquo;ouvrage<\/strong><\/p>\n\n\n\n<p class=\"has-medium-font-size\" id=\"block-e0afae74-20c1-412c-919b-9c72cf83a40c\"><strong>Sans Jacques-Joseph, \u00e9rudit autodidacte,<\/strong> <strong>il n\u2019y aurait pas eu Jean-Fran\u00e7ois, \u00e9gyptologue,<\/strong><\/p>\n\n\n\n<p class=\"has-medium-font-size\"><strong>Et sans Jean-Fran\u00e7ois,<\/strong>&nbsp;<strong>qui aurait d\u00e9chiffr\u00e9 les hi\u00e9roglyphes ?<\/strong><\/p>\n\n\n\n<p class=\"has-medium-font-size\"><strong><em>Jacques-Joseph.<\/em>&nbsp;&#8211;&nbsp;N\u00e9 le 5 octobre 1778, \u00e0 Figeac-en-Quercy, d\u2019un p\u00e8re dauphinois, colporteur de livres et d\u2019images pieuses, venu du Dauphin\u00e9 s\u2019installer en province du Quercy.<\/strong> <strong>Devenu professeur, arch\u00e9ologue, conservateur de la Biblioth\u00e8que nationale, mentor et \u00e9diteur de son jeune fr\u00e8re.<\/strong><\/p>\n\n\n\n<p class=\"has-medium-font-size\"><strong><em>Jean-Fran\u00e7ois.<\/em>&nbsp;&#8211; N\u00e9 le 23 d\u00e9cembre 1790, \u00e0 Figeac-en-Quercy ; le dernier de sept enfants. Passionn\u00e9 des langues anciennes et orientales, il fut capable, parlant le copte, comprenant le d\u00e9motique, de d\u00e9chiffrer les hi\u00e9roglyphes \u00e9gyptiens dont l\u2019empereur Th\u00e9odose Ier avait interdit l\u2019usage au IVe si\u00e8cle.&nbsp;<\/strong><\/p>\n\n\n\n<p class=\"has-medium-font-size\"><strong>L&rsquo;ouvrage ne r\u00e9pond qu&rsquo;\u00e0 une seule condition : raconter la vie, parfois pittoresque, parfois tourment\u00e9e, de deux fr\u00e8res, issus du Quercy.<\/strong><\/p>\n\n\n\n<p class=\"has-medium-font-size\">&#8212;&#8212;&#8212;-<\/p>\n\n\n\n<p class=\"has-text-align-center has-large-font-size\"><strong>Les premi\u00e8res pages<\/strong><\/p>\n\n\n\n<p class=\"has-large-font-size\"><strong><em>Avant-propos<\/em><\/strong><\/p>\n\n\n\n<p class=\"has-medium-font-size\"><strong>De nombreux ouvrages ont \u00e9t\u00e9, dans le pass\u00e9, consacr\u00e9s \u00e0 la vie et \u00e0 l\u2019\u0153uvre des fr\u00e8res Champollion, Jacques-Joseph et Jean-Fran\u00e7ois, et plus particuli\u00e8rement \u00e0 celles du cadet \u2013 immortalis\u00e9 par son \u00ab d\u00e9chiffrement \u00bb des hi\u00e9ro\u00adgly\u00adphes de l\u2019\u00c9\u00adgypte ancienne. Citons, entre autres, la magistrale biographie de l\u2019\u00e9rudite Fr\u00e4ulein Her\u00admine Har\u00adt- leben, publi\u00e9e en allemand d\u2019abord, en 1906 et en fran\u00e7ais ensuite, en 1983, l\u2019int\u00e9ressante enqu\u00eate du journaliste Jean Lacouture, parue en 1988, le captivant \u00ab roman \u00bb d\u2019une d\u00e9couverte de Madeleine Pourpoint, datant de 1953, sans oublier la tr\u00e8s s\u00e9rieuse et tr\u00e8s document\u00e9e th\u00e8se consacr\u00e9e \u00e0 \u00ab l\u2019autre Champolliono\u00bb par Charles-Olivier Carbonell en 1984.<\/strong><\/p>\n\n\n\n<p class=\"has-medium-font-size\"><strong>Tout semblerait donc, de prime abord, avoir \u00e9t\u00e9 dit, le plus souvent par des esprits fort \u00e9clair\u00e9s, \u00e0 propos des fr\u00e8res Champollion et de leurs recherches centr\u00e9es sur la compr\u00e9hension de la civilisation, du langage et de l\u2019\u00e9criture de l\u2019\u00c9gypte antique. Le voudrions-nous que, nous en som\u00admes bien convaincu, nous ne saurions, en la ma\u00adti\u00e8re, rien apporter de tr\u00e8s nouveau.&nbsp;<\/strong><\/p>\n\n\n\n<p class=\"has-medium-font-size\"><strong>L\u2019ouvrage que nous pr\u00e9sentons aujourd\u2019hui au lecteur n\u2019a donc pas pour vaine pr\u00e9tention de mieux faire con\u00adna\u00ee\u00adtre les recherches linguistiques et \u00e9gyptologiques de Jean-Fran\u00e7ois et de Jacques-Joseph Champollion, dont la renomm\u00e9e est depuis longtemps universelle mais, plus modestement, plus sim\u00adplement, de ramener ceux-ci vers leur ville natale, Figeac \u2013 qu\u2019ils quitt\u00e8rent, au demeurant, l\u2019un et l\u2019autre, fort jeunes \u2013 et de s\u2019attarder aux diff\u00e9rents s\u00e9jours qu\u2019ils y ont faits.&nbsp;<\/strong><\/p>\n\n\n<div class=\"wp-block-image\">\n<figure class=\"alignleft size-full is-resized\"><img loading=\"lazy\" decoding=\"async\" width=\"378\" height=\"552\" src=\"https:\/\/figeac-en-quercy.fr\/wp-content\/uploads\/2024\/05\/JeanFrancois.jpg\" alt=\"\" class=\"wp-image-189\" style=\"aspect-ratio:3\/4;object-fit:cover;width:334px;height:auto\" srcset=\"https:\/\/figeac.net\/wp-content\/uploads\/2024\/05\/JeanFrancois.jpg 378w, https:\/\/figeac.net\/wp-content\/uploads\/2024\/05\/JeanFrancois-205x300.jpg 205w\" sizes=\"auto, (max-width: 378px) 100vw, 378px\" \/><figcaption class=\"wp-element-caption\">Jean-Fran\u00e7ois Champollion.<\/figcaption><\/figure>\n<\/div>\n\n\n<p class=\"has-medium-font-size\"><strong>Ce qui ne nous emp\u00eachera pas pour autant de suivre leur cheminement personnel vers d\u2019autres lieux, \u00e0 savoir Grenoble, Paris, Turin ou Alexandrie.<\/strong> <strong>Nous esp\u00e9rons qu\u2019en rassemblant sous une m\u00eame couverture tout ce qui a \u00e9t\u00e9 dit et \u00e9crit de fa\u00e7on fort \u00e9parse sur les deux fr\u00e8res, \u00e0 notre avis ins\u00e9parables dans l\u2019\u00e9tude comme dans le m\u00e9rite, nous aurons, malgr\u00e9 tout, fait \u0153uvre utile.&nbsp;<\/strong><\/p>\n\n\n\n<p class=\"has-medium-font-size\"><strong>Qu\u2019il nous soit, en cons\u00e9quence, donn\u00e9 acte d\u2019une bonne intention pas totalement futile dans son application. D\u2019autant, il est vrai, que nous avons grand plaisir \u00e0 rapporter ici certains \u00e9crits de Jacques-Joseph et de Jean-Fran\u00e7ois Champollion, demeur\u00e9s \u00e0 ce jour in\u00e9\u00addits \u2013 ou ayant fait l\u2019objet de transcriptions quel\u00adque peu sommaires.\u2008Si ceux-ci n\u2019apportent rien de nouveau ou de plus \u00e0 l\u2019\u00e9gyp\u00ad\u00adtologie, ils permettent, n\u00e9anmoins, de mieux cerner l\u2019enfance, l\u2019adolescence et, d\u2019une fa\u00e7on g\u00e9n\u00e9rale, la vie de nos deux h\u00e9ros.<\/strong>\u2008<\/p>\n\n\n\n<p class=\"has-medium-font-size\"><strong>Nous pensons, entre autres \u00e9crits, \u00e0 ce cahier tou\u00adjours in\u00e9dit des \u00ab Vingt premi\u00e8res ann\u00e9es de ma vie \u00bb de Jacques Joseph dont il sera ici, d\u00e8s l\u2019abord, longuement question.<\/strong><\/p>\n\n\n\n<p class=\"has-text-align-left has-large-font-size\"><strong><em>Jacques, le p\u00e8re<\/em><\/strong><\/p>\n\n\n\n<p class=\"has-medium-font-size\"><strong>Jacques Champollion (1744-1821) \u00e9tait originaire du hameau de La Roche, situ\u00e9 dans la paroisse de Valbonnais, \u00e0 une cinquantaine de kilom\u00e8tres au sud de Gre\u00adnoble. On ignore encore quel\u00adle fut la profession de son p\u00e8re.\u2008Ce dont on est s\u00fbr, cependant, c\u2019est que son grand-p\u00e8re Claude, agriculteur l\u2019\u00e9t\u00e9, s\u2019adonnait, quant \u00e0 lui, au colportage pendant les mois d\u2019hiver.&nbsp;<\/strong><\/p>\n\n\n\n<p class=\"has-medium-font-size\"><strong>Si l\u2019on en croit, d\u2019ailleurs, un membre de la famille, L\u00e9on de la Bri\u00e8r1, les Champollion \u00e9taient tous, \u00e0 l\u2019origine, issus de Champol\u00e9on, sur les coteaux du Drac, en\u00adtre les villes de Gap et de Grenoble, \u00ab o\u00f9 ils habitaient un ch\u00e2teau dont les ruines subsistent \u00bb.&nbsp;<\/strong><\/p>\n\n\n\n<p class=\"has-medium-font-size\"><strong>\u00ab L\u2019un d\u2019eux \u00e9pousa, en 1580, une B\u00e9ranger du Gu\u00e2.\u2008Un autre \u00e9tait, en 1663, gouverneur d\u2019Embrun.\u2008Un Gaspard-Adrian Bonnet du Couvat de Champollion fut commandant de compagnie au r\u00e9giment de Foix-Infanterie. Enfin, un mar\u00adquis de Champollion figurait, en 1786, parmi les gentilshommes charg\u00e9s du service aupr\u00e8s du duc d\u2019Orl\u00e9ans, gouverneur du Dauphin\u00e9. \u00bb&nbsp;<\/strong><\/p>\n\n\n\n<p class=\"has-medium-font-size\"><strong>\u00ab A une date ind\u00e9termin\u00e9e et pour des cau\u00adses \u00e9galement ind\u00e9termin\u00e9es, mais certainement politiques \u00bb, un de ces Champollion, d\u00e9j\u00e0 bibliophile, linguiste et \u00e9rudit, \u00ab fut expuls\u00e9 du d\u00e9partement (sic) et vit ses biens confisqu\u00e9s, sans doute vers 1765 ou 1770. Il fallait vivre\u2008\u00bb.<\/strong><\/p>\n\n\n\n<p class=\"has-medium-font-size\"><strong>\u00ab Il se consacra donc, pour ce faire, \u00e0 ce \u00e0 quoi il \u00e9tait apte, la librairie ambulante.\u2008<\/strong><\/p>\n\n\n\n<p class=\"has-medium-font-size\"><strong>\u00ab Les hasards de ce commerce l\u2019amen\u00e8rent dans le Lot ; il s\u2019y fixa, s\u2019y maria ; ses fils y naquirent\u2026 \u00bb<\/strong><\/p>\n\n\n\n<p class=\"has-medium-font-size\"><strong>Expuls\u00e9 ou non de son Dauphin\u00e9 natal, Jacques se fit, tr\u00e8s t\u00f4t, colporteur de livres, d\u2019imagerie populaire et d\u2019objets religieux, parcourant tout le midi de la France, de villes en bourgades, de march\u00e9s en fermes. Une visite \u00e0 Figeac, petite cit\u00e9 du Quercy renomm\u00e9e pour ses activit\u00e9s commerciales diverses, lui fit rencontrer \u00ab une jeune fille pieuse et douce \u00bb du nom de Fran\u00e7oise (ou Jeanne-Fran\u00e7oise) Gualieu \u2013 n\u00e9e \u00e0 Figeac en 1744.<\/strong><\/p>\n\n\n\n<p class=\"has-medium-font-size\"><strong>Ladite jeune fille \u00e9tait de modeste mais de bonne famille. Les Gualieu, parfois sim\u00ad\u00adples artisans, parfois no\u00adta\u00ad\u00adbles communaux, occupaient un rang des plus con\u00advena\u00adbles au sein de la bourgeoisie locale. Le grand-p\u00e8re de Fran\u00e7oise avait longtemps exerc\u00e9 le m\u00e9tier de tisserand, fabriquant des toiles de chanvre et de lin.<\/strong><\/p>\n\n\n\n<p class=\"has-medium-font-size\"><strong>Le mariage entre les deux jeunes gens (!), approchant alors de la trentaine, fut c\u00e9l\u00e9br\u00e9 \u00e0 Figeac, en l\u2019\u00e9glise Notre-Dame du Puy, le 28 janvier 1773. L\u2019\u00e9\u00adpous\u00e9e apportait en dot, \u00e0 son mari, une som\u00adme de 400 livres ; ce qui devait permettre au nouveau couple de s\u2019installer confortablement.&nbsp;<\/strong><\/p>\n\n\n<div class=\"wp-block-image\">\n<figure class=\"alignright size-full\"><img loading=\"lazy\" decoding=\"async\" width=\"378\" height=\"483\" src=\"https:\/\/figeac-en-quercy.fr\/wp-content\/uploads\/2024\/05\/JacquesJoseph.jpg\" alt=\"\" class=\"wp-image-190\" srcset=\"https:\/\/figeac.net\/wp-content\/uploads\/2024\/05\/JacquesJoseph.jpg 378w, https:\/\/figeac.net\/wp-content\/uploads\/2024\/05\/JacquesJoseph-235x300.jpg 235w\" sizes=\"auto, (max-width: 378px) 100vw, 378px\" \/><figcaption class=\"wp-element-caption\">Jacques-Joseph Champollion.<\/figcaption><\/figure>\n<\/div>\n\n\n<p class=\"has-medium-font-size\"><strong>A remarquer que le contrat de mariage indiquait que Fran\u00e7oise Gualieu n\u2019avait pu signer \u00ab pour ne savoir de ce requiseo\u00bb. La jeune femme ne savait, en v\u00e9rit\u00e9, ni lire ni \u00e9crire. Lors de la r\u00e9daction de son testament, trente ans plus tard, elle devait faire usage d\u2019un subterfuge, et le notaire requis inscrivit alors, sur ses instructions : \u00ab Dame Gualieu, testatrice\u2026 a d\u00e9clar\u00e9 ne pouvoir signer \u00e0 cause du tremblement de ses mains\u2026 \u00bb.<\/strong><\/p>\n\n\n\n<p class=\"has-medium-font-size\"><strong>Quelques mois plus t\u00f4t, en juillet 1772, peut-\u00eatre dans l\u2019attente de son mariage, Jacques Champollion avait acquis \u00e0 un certain Joseph de Bonnet, conseiller du roi et ancien receveur des tailles de Figeac, une maison \u00e0 colombage situ\u00e9e non loin de la place haute (ou place du seigle), dans la som\u00adbre et \u00e9troite volte de la Boudousquerie (rue de la cire brute). Ceci pour la somme de 950 livres dont 600 pay\u00e9es comptant.&nbsp;<\/strong><\/p>\n\n\n\n<p class=\"has-medium-font-size\"><strong>Cette maison avait la particularit\u00e9, toute figeacoise, de poss\u00e9der une grande salle en rez-de-chauss\u00e9e, \u00e0 vocation artisanale ou commerciale, surmont\u00e9e de deux \u00e9tages d\u00e9di\u00e9s \u00e0 l\u2019habitation, ainsi que d\u2019un vaste soleilho (grenier ouvert) sous le toit de tuiles rondes. L\u2019ancien propri\u00e9taire avait toutefois tenu \u00e0 conserver pour son usage personnel l\u2019\u00e9curie voisine, avec \u00ab r\u00e9serve \u00e0 perp\u00e9tuit\u00e9 \u00bb de la porte y donnant acc\u00e8s.<\/strong><\/p>\n\n\n\n<p class=\"has-medium-font-size\"><strong>C\u2019est en ce lieu que devaient na\u00eetre successivement les sept enfants Champollion : Guillaume (1773), Th\u00e9r\u00e8se (1774-1850), P\u00e9tronille (1776-1847), Jacques-Joseph (1778\u00ad-1867), Jean-Baptiste (1780-1782), Marie-Jeanne (1782-1833), enfin Jean-Fran\u00e7ois (1790-1832).&nbsp;<\/strong><\/p>\n\n\n\n<p class=\"has-medium-font-size\"><strong>En d\u00e9cembre de l\u2019ann\u00e9e 1779, Jacques Champollion se ren\u00ad\u00addit encore propri\u00e9taire d\u2019une boutique, poss\u00e9dant arri\u00e8re-boutique et chambre annexe, sur la place basse (ou place du froment), pr\u00e8s de la halle aux l\u00e9gumes ; moyennant le prix de 1\u2008600 livres, \u00ab laquelle somme a tout pr\u00e9sentement \u00e9t\u00e9 r\u00e9ellement comp\u00adt\u00e9e en bonnes esp\u00e8ces de cours \u00bb.&nbsp;<\/strong><\/p>\n\n\n\n<p class=\"has-medium-font-size\"><strong>Selon Jules Malrieu, qui fut \u00e0 Figeac, au d\u00e9but du XXe si\u00e8cle, pr\u00e9sident du tribunal d\u2019instance et adjoint au maire, \u00abla municipalit\u00e9 lui aurait accord\u00e9 une subvention pour le d\u00e9terminer \u00e0 ouvrir la premi\u00e8re boutique de librairie qu\u2019ait eue notre ville4 \u00bb.<\/strong><\/p>\n\n\n\n<p class=\"has-medium-font-size\"><strong>C\u2019est l\u00e0 qu\u2019il devait exercer pendant une quarantaine d\u2019ann\u00e9es, avec des fortunes diverses, son nouveau m\u00e9tier de libraire s\u00e9dentaire.\u2008\u00c9tait-il rest\u00e9 colporteur depuis son arriv\u00e9e \u00e0 Figeac, nulle archive ne peut en t\u00e9moigner aujourd\u2019hui.&nbsp;<\/strong><\/p>\n\n\n\n<p class=\"has-medium-font-size\"><strong>La \u00ab Librairie Champollion \u00bb, implant\u00e9e en plein cen\u00adtre de la ville, se trouvait \u00e0 l\u2019oppos\u00e9 du commerce actuel portant le m\u00eame nom\u2026 L\u00e0 o\u00f9 les figeacois purent, par la suite, fr\u00e9quenter une mercerie ou une \u00e9picerie en gros ; l\u00e0 o\u00f9 se trouve aujourd\u2019hui install\u00e9e une brasserie plac\u00e9e sous le signe du sphinx \u00e9gyptien.&nbsp;<\/strong><\/p>\n\n\n\n<p class=\"has-medium-font-size\"><strong>Pour nous en convaincre, reportons-nous \u00e0 ces lignes parues dans le \u00ab Journal du Lot \u00bb dat\u00e9 du 25 avril 1934 :&nbsp;<\/strong><\/p>\n\n\n\n<p class=\"has-medium-font-size\"><strong>\u00ab Au cours du mois de f\u00e9vrier dernier, des ma\u00e7ons travaillant \u00e0 la r\u00e9paration d\u2019un immeuble situ\u00e9 place basse, mirent au jour une enseigne toute modeste : \u00abMlles Cham\u00adpollion, Libraires \u00bb.<\/strong><\/p>\n\n\n\n<p class=\"has-medium-font-size\"><strong>\u00ab L\u2019enseigne, par elle-m\u00eame, n\u2019avait aucun caract\u00e8re artistique : petites lettres noires peintes sur la pierre nue.\u2008<\/strong><\/p>\n\n\n\n<p class=\"has-medium-font-size\"><strong>\u00ab Cette pierre n\u2019en constituait pas moins un document.\u2008Elle a \u00e9t\u00e9 recueillie \u00e0 l\u2019<em>Oustal de lo mounedo<\/em>, devenu le mus\u00e9e lapidaire de la cit\u00e9 et le refuge des \u00e9paves de notre histoire locale\u2026\u2002\u00bb<\/strong><\/p>\n\n\n\n<p class=\"has-medium-font-size\"><strong>Il est un dernier achat immobilier \u00e0 mettre \u00e0 l\u2019actif de Jacques Champollion, dans le cadre de son implantation et de sa vie figeacoises, celui d\u2019une terre plant\u00e9e de vignes, ayant longtemps appartenu aux fr\u00e8res cordeliers, lors d\u2019une vente de biens nationaux orga\u00adnis\u00e9e \u00e0 Figeac en 1791, au c\u0153ur m\u00eame de la p\u00e9riode r\u00e9vo\u00ad\u00adlu\u00ad\u00adtion\u00adnaire.<\/strong><\/p>\n\n\n\n<p>&#8212;&#8212;&#8212;-<\/p>\n\n\n\n<div style=\"height:91px\" aria-hidden=\"true\" class=\"wp-block-spacer\"><\/div>\n\n\n<div class=\"wp-block-image\">\n<figure class=\"aligncenter size-full is-resized\"><img loading=\"lazy\" decoding=\"async\" width=\"472\" height=\"473\" src=\"https:\/\/figeac-en-quercy.fr\/wp-content\/uploads\/2024\/05\/Sceau_Consuls.jpg\" alt=\"\" class=\"wp-image-76\" style=\"width:143px;height:auto\" srcset=\"https:\/\/figeac.net\/wp-content\/uploads\/2024\/05\/Sceau_Consuls.jpg 472w, https:\/\/figeac.net\/wp-content\/uploads\/2024\/05\/Sceau_Consuls-300x300.jpg 300w, https:\/\/figeac.net\/wp-content\/uploads\/2024\/05\/Sceau_Consuls-150x150.jpg 150w\" sizes=\"auto, (max-width: 472px) 100vw, 472px\" \/><\/figure>\n<\/div>","protected":false},"excerpt":{"rendered":"<p>Jean-Fran\u00e7ois Champollion &nbsp; &nbsp; &nbsp; &nbsp; &nbsp;&nbsp;le d\u00e9chiffreur de hi\u00e9roglyphes &nbsp; &nbsp; &nbsp; &nbsp; &nbsp; &nbsp; par Guy &nbsp;Chassagnard Ouvrage paru en 2001, r\u00e9\u00e9dit\u00e9 en 2018 420 pages &#8211; Aux &nbsp;\u00c9ditions &nbsp; Segnat Diffusion :&nbsp;Amazon.fr Prix TTC : &nbsp; &nbsp; 19,99 &nbsp;\u20ac &#8212;&#8212;&#8212;- L&rsquo;ouvrage Sans Jacques-Joseph, \u00e9rudit autodidacte, il n\u2019y aurait pas eu Jean-Fran\u00e7ois, \u00e9gyptologue,&#8230;<\/p>\n","protected":false},"author":1,"featured_media":0,"parent":0,"menu_order":0,"comment_status":"closed","ping_status":"closed","template":"","meta":{"_kad_post_transparent":"","_kad_post_title":"","_kad_post_layout":"","_kad_post_sidebar_id":"","_kad_post_content_style":"","_kad_post_vertical_padding":"","_kad_post_feature":"","_kad_post_feature_position":"","_kad_post_header":false,"_kad_post_footer":false,"footnotes":""},"class_list":["post-24","page","type-page","status-publish","hentry"],"_links":{"self":[{"href":"https:\/\/figeac.net\/index.php?rest_route=\/wp\/v2\/pages\/24","targetHints":{"allow":["GET"]}}],"collection":[{"href":"https:\/\/figeac.net\/index.php?rest_route=\/wp\/v2\/pages"}],"about":[{"href":"https:\/\/figeac.net\/index.php?rest_route=\/wp\/v2\/types\/page"}],"author":[{"embeddable":true,"href":"https:\/\/figeac.net\/index.php?rest_route=\/wp\/v2\/users\/1"}],"replies":[{"embeddable":true,"href":"https:\/\/figeac.net\/index.php?rest_route=%2Fwp%2Fv2%2Fcomments&post=24"}],"version-history":[{"count":13,"href":"https:\/\/figeac.net\/index.php?rest_route=\/wp\/v2\/pages\/24\/revisions"}],"predecessor-version":[{"id":421,"href":"https:\/\/figeac.net\/index.php?rest_route=\/wp\/v2\/pages\/24\/revisions\/421"}],"wp:attachment":[{"href":"https:\/\/figeac.net\/index.php?rest_route=%2Fwp%2Fv2%2Fmedia&parent=24"}],"curies":[{"name":"wp","href":"https:\/\/api.w.org\/{rel}","templated":true}]}}