{"id":202,"date":"2024-05-25T16:34:19","date_gmt":"2024-05-25T16:34:19","guid":{"rendered":"https:\/\/figeac-en-quercy.fr\/?page_id=202"},"modified":"2025-09-06T09:21:24","modified_gmt":"2025-09-06T09:21:24","slug":"laffaire","status":"publish","type":"page","link":"https:\/\/figeac.net\/?page_id=202","title":{"rendered":"L&rsquo;AFFAIRE"},"content":{"rendered":"<div class=\"wp-block-image\">\n<figure class=\"aligncenter size-full is-resized\"><img loading=\"lazy\" decoding=\"async\" width=\"643\" height=\"341\" src=\"https:\/\/figeac-en-quercy.fr\/wp-content\/uploads\/2024\/05\/GHIZETH.jpg\" alt=\"\" class=\"wp-image-211\" style=\"width:655px;height:auto\" srcset=\"https:\/\/figeac.net\/wp-content\/uploads\/2024\/05\/GHIZETH.jpg 643w, https:\/\/figeac.net\/wp-content\/uploads\/2024\/05\/GHIZETH-300x159.jpg 300w\" sizes=\"auto, (max-width: 643px) 100vw, 643px\" \/><\/figure>\n<\/div>\n\n\n<h2 class=\"wp-block-heading has-text-align-center has-larger-font-size\">Le d\u00e9chiffrement des hi\u00e9roglyphes<\/h2>\n\n\n\n<div style=\"height:64px\" aria-hidden=\"true\" class=\"wp-block-spacer\"><\/div>\n\n\n\n<p class=\"has-large-font-size\"><strong><em>Extrait de l&rsquo;ouvrage \u00ab Champollion Jean-Fran\u00e7ois \u00bb de Guy Chassagnard.<\/em><\/strong><\/p>\n\n\n\n<p class=\"has-medium-font-size\"><strong>On a souvent cont\u00e9 \u00abL\u2019Affaire\u00bb survenue en cette ann\u00e9e 1822 et qui vit, contre toute attente, un chercheur peu connu hors des milieux parisiens de l\u2019arch\u00e9ologie et de la linguistique aboutir au d\u00e9chiffrement des hi\u00e9roglyphes \u00e9gyptiens, d\u00e9chirant ainsi un voile vieux de quinze si\u00e8cles.<\/strong><\/p>\n\n\n\n<p class=\"has-medium-font-size\"><strong>La version de l\u2019\u00e9v\u00e9nement, due \u00e0 la plume de Camille Lagier (1), m\u00e9rite par ses d\u00e9tails de retenir l\u2019int\u00e9r\u00eat du lecteur :<br>\u00ab Le 14 septembre lui arriva la copie de certaines inscriptions du temple d\u2019Ibsamboul en Basse Nubie, envoi de son ami l\u2019architecte Nicolas Huyot, contenant un cartouche de Rams\u00e8s qu\u2019il parvint \u00e0 lire (2). Quelques heures d\u2019\u00e9tudes fournirent en outre \u00e0 Champollion la pierre de touche de sa nouvelle trouvaille : il d\u00e9chiffra le nom de Thoutm\u00e8s, autre pharaon plus ancien que Rams\u00e8s et pareillement fameux.<\/strong><\/p>\n\n\n\n<p class=\"has-medium-font-size\"><strong>\u00ab Ah le beau jour ! Gr\u00e2ce \u00e0 sa profonde connaissance du copte, dont il avait fait tomber le masque grec, il allait pouvoir prendre langue avec les pharaons de race.<\/strong><\/p>\n\n\n\n<p class=\"has-medium-font-size\"><strong>\u00ab Ah le beau jour ! Enivr\u00e9, \u00e9perdu, il quitta sa chambre de travail, courut rejoindre son fr\u00e8re \u00e0 la biblioth\u00e8que de l\u2019Institut, jeta une liasse : \u00abJe tiens l\u2019Affaire !\u00bb \u2028 Et \u00e0 Champollion-Figeac, si intimement li\u00e9 \u00e0 ses travaux, il d\u00e9roula sa d\u00e9monstration. En ce moment un affaissement physique et moral s\u2019empara tout \u00e0 coup de l\u2019auteur de l\u2019immortelle d\u00e9couverte ; ses jambes ne le soutinrent plus, son esprit se trouva saisi d\u2019une sorte d\u2019assoupissement. On le coucha, ce fut comme un premier instant de <br>repos, apr\u00e8s quinze ann\u00e9es de combinaisons fatigantes.\u2028\u00ab Mais son fr\u00e8re, qui venait d\u2019entendre sa d\u00e9monstration et qui avait ses notes put imm\u00e9diatement mettre au net le \u00ab M\u00e9moire sur les hi\u00e9roglyphes phon\u00e9tiques\u00bb.\u2028<\/strong><\/p>\n\n\n<div class=\"wp-block-image\">\n<figure class=\"alignleft size-full is-resized\"><img loading=\"lazy\" decoding=\"async\" width=\"454\" height=\"454\" src=\"https:\/\/figeac-en-quercy.fr\/wp-content\/uploads\/2024\/05\/HIeroglyphes.jpg\" alt=\"\" class=\"wp-image-204\" style=\"width:461px;height:auto\" srcset=\"https:\/\/figeac.net\/wp-content\/uploads\/2024\/05\/HIeroglyphes.jpg 454w, https:\/\/figeac.net\/wp-content\/uploads\/2024\/05\/HIeroglyphes-300x300.jpg 300w, https:\/\/figeac.net\/wp-content\/uploads\/2024\/05\/HIeroglyphes-150x150.jpg 150w\" sizes=\"auto, (max-width: 454px) 100vw, 454px\" \/><\/figure>\n<\/div>\n\n\n<p class=\"has-medium-font-size\"><strong>\u00ab Jean-Fran\u00e7ois ne sortit de sa l\u00e9thargie que le 19.<\/strong> <strong>D\u00e8s le 21, il discuta le plan du m\u00e9moire, le r\u00e9visa, Figeac servant de secr\u00e9taire.\u2008Il y ajou\u00adta de sa main le \u00abtableau des vingt-quatre si\u00adgnes alphab\u00e9tiques \u00e9gyptiens \u00bb, avec leurs correspondants en grec et en copte, plus une demi-page relative au texte d\u00e9motique de l\u2019ins\u00adcription de Rosette\u2026 \u00bb.<\/strong><\/p>\n\n\n\n<p class=\"has-medium-font-size\"><strong>R\u00e9dig\u00e9 en pleine collaboration par les deux fr\u00e8\u00adres Cham\u00adpollion, le \u00ab m\u00e9moire \u00bb, appel\u00e9 \u00e0 devenir bient\u00f4t, dans sa forme d\u00e9velopp\u00e9e, la \u00ab Lettre \u00e0 M.\u2008Dacier \u00bb, fut dat\u00e9 du 22 septembre et imprim\u00e9, par le moyen de la lithographie, en quelques dizaines d\u2019exemplaires. Le m\u00ea\u00adme jour, ou le jour suivant, peu importe, un exem\u00adplaire \u00e9tait remis \u00e0 M.\u2008Dacier, avec une demande de pr\u00e9sentation \u00e0 la s\u00e9ance de l\u2019Acad\u00e9mie des inscriptions et bel\u00adles-lettres pr\u00e9vue le 27 septembre. Le d\u00e9dicataire de la \u00ab Lettre \u00bb montra aussit\u00f4t celle-ci au pr\u00e9sident de l\u2019Acad\u00e9mie, le baron Silvestre de Sacy. Et des invitations furent adress\u00e9es \u00e0 tous les membres de l\u2019Institut.<\/strong><\/p>\n\n\n\n<p class=\"has-medium-font-size\"><strong>Ainsi, le 27 septembre, Jean-Fran\u00e7ois put se pr\u00e9senter devant une assembl\u00e9e des plus fournies au sein de laquelle on remarquait notamment Thomas Young, le m\u00e9decin et physicien anglais (3), et le baron Guillaume von Humboldt (4), linguiste allemand.<\/strong><\/p>\n\n\n\n<p class=\"has-medium-font-size\"><strong>On affirme encore aujourd\u2019hui que l\u2019expos\u00e9 du cadet des Champollion, qui ne comptait qu\u2019une dizaine de feuillets pour r\u00e9pondre aux r\u00e8gles impos\u00e9es par l\u2019Acad\u00e9mie \u2013 alors que le document imprim\u00e9 devait en avoir, dans sa version d\u00e9finitive, avec son \u00ab Tableau des signes phon\u00e9tiques \u00bb et ses planches, plus de cinquante \u2013, fut lu dans le plus grand silence avant qu\u2019\u00e0 son terme n\u2019\u00e9clat\u00e2t le plus solennel, mais sympathique tintamarre\u2026<\/strong><\/p>\n\n\n\n<p class=\"has-medium-font-size\"><strong>Et ce fut au baron de Sacy de f\u00e9liciter le premier le jeune \u00e9gypt logue gr\u00e2ce \u00e0 qui, apr\u00e8s quinze si\u00e8cles d\u2019obscures et d\u2019incertaines supputations, se levait enfin le voile d\u2019incompr\u00e9hension drapant le myst\u00e8re des hi\u00e9roglyphes ainsi que la civilisation \u00e9gyptienne antique toute enti\u00e8re. A noter que Thomas Young, lui-m\u00eame, ne fut pas le dernier \u00e0 pr\u00e9senter ses f\u00e9licitations et ses encouragements.<\/strong><\/p>\n\n\n\n<p class=\"has-medium-font-size\"><strong>\u00ab Cette d\u00e9couverte que je fis conna\u00eetre \u00e0 l\u2019Institut le 27 septembre, \u00e9crivit quelques jours plus tard Jean-Fran\u00e7ois \u00e0 son beau-fr\u00e8re, Andr\u00e9 Blanc, produisit l\u2019\u00e9tonnement et for\u00e7a les applaudissements et l\u2019approbation de tous ceux m\u00eame qui s\u2019\u00e9taient tenus loin de moi par esprit de parti. \u00bb<\/strong><\/p>\n\n\n<div class=\"wp-block-image\">\n<figure class=\"alignright size-full\"><img loading=\"lazy\" decoding=\"async\" width=\"302\" height=\"492\" src=\"https:\/\/figeac-en-quercy.fr\/wp-content\/uploads\/2024\/05\/Grammairejpg.jpg\" alt=\"\" class=\"wp-image-206\" srcset=\"https:\/\/figeac.net\/wp-content\/uploads\/2024\/05\/Grammairejpg.jpg 302w, https:\/\/figeac.net\/wp-content\/uploads\/2024\/05\/Grammairejpg-184x300.jpg 184w\" sizes=\"auto, (max-width: 302px) 100vw, 302px\" \/><figcaption class=\"wp-element-caption\">La grammaire de Mr. Champollion.<\/figcaption><\/figure>\n<\/div>\n\n\n<p class=\"has-medium-font-size\"><strong>Et Rosine, l\u2019\u00e9pouse de Jean-Fran\u00e7ois, d\u2019ajouter : \u00ab Il est inutile de te dire le plaisir que m\u2019ont fait \u00e9prouver les succ\u00e8s de mon mari, ils sont tels que tous les salons litt\u00e9raires de Paris s\u2019en occupent. Le docteur Young qui \u00e9tait ici quand mon mari a fait sa derni\u00e8re d\u00e9couverte en a \u00e9t\u00e9 si enchant\u00e9 qu\u2019il a de suite \u00e9crit une lettre \u00e0 la Soci\u00e9t\u00e9 royale de Londres que l\u2019alphabet des hi\u00e9roglyphes \u00e9tait enfin trouv\u00e9. \u00bb<\/strong><\/p>\n\n\n\n<p class=\"has-medium-font-size\"><strong>\u00c9crivant quelques semaines plus tard \u00e0 son ami Augustin Th\u00e9venet, Jean-Fran\u00e7ois ne pouvait contenir son enthousiasme: \u00abTout le monde me r\u00e9p\u00e8te qu\u2019une des premi\u00e8res places vacantes \u00e0 l\u2019Acad\u00e9mie (5) sera pour moi. Je commence \u00e0 croire que cela pourrait bien \u00eatre et que d\u00e9sormais gr\u00e2ce \u00e0 ce succ\u00e8s g\u00e9n\u00e9ral, mes affaires vont prendre une tournure telle que ceux qui m\u2019aiment peuvent le d\u00e9sirer. Il me tarde fort que cela arrive\u2026<\/strong><\/p>\n\n\n\n<p class=\"has-medium-font-size\"><strong>\u00ab Avec une position plus ais\u00e9e que celle o\u00f9 je me trouve, mon esprit, plus libre et plus ind\u00e9pendant, pourrait tenter encore davantage qu\u2019il ne peut le faire au milieu des incertitudes o\u00f9 j\u2019ai v\u00e9cu jusques \u00e0 pr\u00e9sent. Les obstacles et les pr\u00e9ventions que j\u2019avais \u00e0 combattre viennent enfin d\u2019\u00eatre aplanis par le grand coup que j\u2019ai frapp\u00e9. Je suis en position de tout esp\u00e9rer.\u00bb<\/strong><br><\/p>\n\n\n\n<div style=\"height:100px\" aria-hidden=\"true\" class=\"wp-block-spacer\"><\/div>\n\n\n<div class=\"wp-block-image\">\n<figure class=\"aligncenter size-full\"><img loading=\"lazy\" decoding=\"async\" width=\"567\" height=\"390\" src=\"https:\/\/figeac-en-quercy.fr\/wp-content\/uploads\/2024\/05\/Papyrus.jpg\" alt=\"\" class=\"wp-image-208\" srcset=\"https:\/\/figeac.net\/wp-content\/uploads\/2024\/05\/Papyrus.jpg 567w, https:\/\/figeac.net\/wp-content\/uploads\/2024\/05\/Papyrus-300x206.jpg 300w\" sizes=\"auto, (max-width: 567px) 100vw, 567px\" \/><\/figure>\n<\/div>","protected":false},"excerpt":{"rendered":"<p>Le d\u00e9chiffrement des hi\u00e9roglyphes Extrait de l&rsquo;ouvrage \u00ab Champollion Jean-Fran\u00e7ois \u00bb de Guy Chassagnard. On a souvent cont\u00e9 \u00abL\u2019Affaire\u00bb survenue en cette ann\u00e9e 1822 et qui vit, contre toute attente, un chercheur peu connu hors des milieux parisiens de l\u2019arch\u00e9ologie et de la linguistique aboutir au d\u00e9chiffrement des hi\u00e9roglyphes \u00e9gyptiens, d\u00e9chirant ainsi un voile vieux&#8230;<\/p>\n","protected":false},"author":1,"featured_media":0,"parent":0,"menu_order":0,"comment_status":"closed","ping_status":"closed","template":"","meta":{"_kad_post_transparent":"","_kad_post_title":"","_kad_post_layout":"","_kad_post_sidebar_id":"","_kad_post_content_style":"","_kad_post_vertical_padding":"","_kad_post_feature":"","_kad_post_feature_position":"","_kad_post_header":false,"_kad_post_footer":false,"footnotes":""},"class_list":["post-202","page","type-page","status-publish","hentry"],"_links":{"self":[{"href":"https:\/\/figeac.net\/index.php?rest_route=\/wp\/v2\/pages\/202","targetHints":{"allow":["GET"]}}],"collection":[{"href":"https:\/\/figeac.net\/index.php?rest_route=\/wp\/v2\/pages"}],"about":[{"href":"https:\/\/figeac.net\/index.php?rest_route=\/wp\/v2\/types\/page"}],"author":[{"embeddable":true,"href":"https:\/\/figeac.net\/index.php?rest_route=\/wp\/v2\/users\/1"}],"replies":[{"embeddable":true,"href":"https:\/\/figeac.net\/index.php?rest_route=%2Fwp%2Fv2%2Fcomments&post=202"}],"version-history":[{"count":4,"href":"https:\/\/figeac.net\/index.php?rest_route=\/wp\/v2\/pages\/202\/revisions"}],"predecessor-version":[{"id":420,"href":"https:\/\/figeac.net\/index.php?rest_route=\/wp\/v2\/pages\/202\/revisions\/420"}],"wp:attachment":[{"href":"https:\/\/figeac.net\/index.php?rest_route=%2Fwp%2Fv2%2Fmedia&parent=202"}],"curies":[{"name":"wp","href":"https:\/\/api.w.org\/{rel}","templated":true}]}}