{"id":12,"date":"2024-05-21T12:43:27","date_gmt":"2024-05-21T12:43:27","guid":{"rendered":"https:\/\/figeac-en-quercy.fr\/?page_id=12"},"modified":"2025-09-05T15:15:14","modified_gmt":"2025-09-05T15:15:14","slug":"accueil","status":"publish","type":"page","link":"https:\/\/figeac.net\/","title":{"rendered":"ACCUEIL"},"content":{"rendered":"\n<h1 class=\"wp-block-heading has-text-align-center has-larger-font-size\">Bienvenue  \u00e0  Figeac-en-Quercy<\/h1>\n\n\n<div class=\"wp-block-image\">\n<figure class=\"aligncenter size-large is-resized\"><img loading=\"lazy\" decoding=\"async\" width=\"1024\" height=\"645\" src=\"https:\/\/figeac.net\/wp-content\/uploads\/2025\/08\/Gambetta-3-2048x1290-1-1024x645.jpeg\" alt=\"\" class=\"wp-image-395\" style=\"width:872px;height:auto\" srcset=\"https:\/\/figeac.net\/wp-content\/uploads\/2025\/08\/Gambetta-3-2048x1290-1-1024x645.jpeg 1024w, https:\/\/figeac.net\/wp-content\/uploads\/2025\/08\/Gambetta-3-2048x1290-1-300x189.jpeg 300w, https:\/\/figeac.net\/wp-content\/uploads\/2025\/08\/Gambetta-3-2048x1290-1-768x484.jpeg 768w, https:\/\/figeac.net\/wp-content\/uploads\/2025\/08\/Gambetta-3-2048x1290-1-1536x968.jpeg 1536w, https:\/\/figeac.net\/wp-content\/uploads\/2025\/08\/Gambetta-3-2048x1290-1-200x126.jpeg 200w, https:\/\/figeac.net\/wp-content\/uploads\/2025\/08\/Gambetta-3-2048x1290-1.jpeg 2048w\" sizes=\"auto, (max-width: 1024px) 100vw, 1024px\" \/><\/figure>\n<\/div>\n\n\n<figure class=\"wp-block-audio alignright\"><audio controls src=\"https:\/\/figeac.net\/wp-content\/uploads\/2024\/05\/Gerard-Gouny-C-est-mon-Coin-de-Quercy.mp3\"><\/audio><figcaption class=\"wp-element-caption\">G\u00e9rard GOUNY<\/figcaption><\/figure>\n\n\n\n<p><\/p>\n\n\n\n<p><\/p>\n\n\n\n<p><\/p>\n\n\n\n<p class=\"has-large-font-size\"><strong>Bonjour,<\/strong><\/p>\n\n\n\n<p class=\"has-medium-font-size\"><strong>Ce site est d\u00e9di\u00e9 au Quercy, ancienne province d&rsquo;Occitanie et \u00e0 ses habitants, ainsi qu&rsquo;\u00e0 deux enfants (Jean-Fran\u00e7ois Champollion et Charles Boyer) de sa non moins ancienne cit\u00e9, Figeac.<br>Il pr\u00e9sente au visiteur six ouvrages publi\u00e9s ces derni\u00e8res ann\u00e9es par un quercynois d&rsquo;adoption qui, au d\u00e9tour d&rsquo;une vie errante, v\u00e9cue en France, de Bordeaux \u00e0 Paris, et \u00e0 l\u2019\u00e9tranger, de Kinshasa \u00e0 Londres, y d\u00e9posa un jour ses valises<\/strong>.<\/p>\n\n\n\n<p><\/p>\n\n\n<div class=\"wp-block-image\">\n<figure class=\"alignright size-large is-resized\"><img loading=\"lazy\" decoding=\"async\" width=\"640\" height=\"1024\" src=\"https:\/\/figeac.net\/wp-content\/uploads\/2025\/08\/GUY-CHASSAGNARD-640x1024.jpg\" alt=\"\" class=\"wp-image-397\" style=\"width:249px;height:auto\" srcset=\"https:\/\/figeac.net\/wp-content\/uploads\/2025\/08\/GUY-CHASSAGNARD-640x1024.jpg 640w, https:\/\/figeac.net\/wp-content\/uploads\/2025\/08\/GUY-CHASSAGNARD-188x300.jpg 188w, https:\/\/figeac.net\/wp-content\/uploads\/2025\/08\/GUY-CHASSAGNARD-768x1229.jpg 768w, https:\/\/figeac.net\/wp-content\/uploads\/2025\/08\/GUY-CHASSAGNARD-960x1536.jpg 960w, https:\/\/figeac.net\/wp-content\/uploads\/2025\/08\/GUY-CHASSAGNARD-200x320.jpg 200w, https:\/\/figeac.net\/wp-content\/uploads\/2025\/08\/GUY-CHASSAGNARD.jpg 1280w\" sizes=\"auto, (max-width: 640px) 100vw, 640px\" \/><\/figure>\n<\/div>\n\n\n<p class=\"has-large-font-size\"><strong>\u00c0 savoir :<\/strong><\/p>\n\n\n\n<ul class=\"wp-block-list\">\n<li class=\"has-medium-font-size\"><strong>Guide de Figeac, \u00c9ditions Segnat (1998, 2017). <\/strong><\/li>\n\n\n\n<li><\/li>\n\n\n\n<li class=\"has-medium-font-size\"><strong>Les Chroniques du Quercy, \u00c9ditions Segnat (2018).<\/strong><\/li>\n\n\n\n<li><\/li>\n\n\n\n<li class=\"has-medium-font-size\"><strong>Les Fr\u00e8res Champollion, \u00c9ditions Segnat (2001, 2018).<\/strong><\/li>\n\n\n\n<li><\/li>\n\n\n\n<li class=\"has-medium-font-size\"><strong>Charles Boyer, The French Lover (1999, 2018).<\/strong><\/li>\n\n\n\n<li><\/li>\n\n\n\n<li class=\"has-medium-font-size\"><strong>La Franc-Ma\u00e7onnerie en Quercy, \u00c9d. Segnat (2010, 2018).<\/strong><\/li>\n<\/ul>\n\n\n\n<h2 class=\"wp-block-heading has-medium-font-size\">\u00c0 noter que ces ouvrages sont en vente sur amazon.fr. <\/h2>\n\n\n\n<div class=\"wp-block-buttons is-layout-flex wp-block-buttons-is-layout-flex\">\n<div class=\"wp-block-button\"><a class=\"wp-block-button__link has-text-align-center wp-element-button\" href=\"https:\/\/www.amazon.fr\/Livres-Guy-CHASSAGNARD\/s?rh=n%3A301061%2Cp_27%3AGuy+CHASSAGNARD&amp;gad_source=1&amp;gclid=Cj0KCQjwjLGyBhCYARIsAPqTz18bk9QGiROf_fZJ02A6bpht7C7uk2xJwWA5cOTybBt2MqSGPFBsiVsaAt_4EALw_wcB\">AMAZON<\/a><\/div>\n<\/div>\n\n\n\n<p><\/p>\n\n\n\n<p class=\"has-medium-font-size\"><strong>Guy Chassagnard, auteur de ces ouvrages, et de ce site, est un ancien journaliste professionnel qui, parvenu \u00e0 l&rsquo;\u00e2ge de la retraite, a port\u00e9 sa soif d&rsquo;apprendre et de partager vers l&rsquo;histoire r\u00e9gionale et la Franc-Ma\u00e7onnerie, dont il est un adepte depuis pr\u00e8s de cinquante ans.<\/strong><\/p>\n\n\n\n<div style=\"height:25px\" aria-hidden=\"true\" class=\"wp-block-spacer\"><\/div>\n\n\n<div class=\"wp-block-image\">\n<figure class=\"aligncenter size-full is-resized\"><img loading=\"lazy\" decoding=\"async\" width=\"1178\" height=\"959\" src=\"https:\/\/figeac.net\/wp-content\/uploads\/2025\/08\/BELIER.jpeg\" alt=\"\" class=\"wp-image-398\" style=\"width:100px;height:auto\" srcset=\"https:\/\/figeac.net\/wp-content\/uploads\/2025\/08\/BELIER.jpeg 1178w, https:\/\/figeac.net\/wp-content\/uploads\/2025\/08\/BELIER-300x244.jpeg 300w, https:\/\/figeac.net\/wp-content\/uploads\/2025\/08\/BELIER-1024x834.jpeg 1024w, https:\/\/figeac.net\/wp-content\/uploads\/2025\/08\/BELIER-768x625.jpeg 768w, https:\/\/figeac.net\/wp-content\/uploads\/2025\/08\/BELIER-200x163.jpeg 200w\" sizes=\"auto, (max-width: 1178px) 100vw, 1178px\" \/><\/figure>\n<\/div>\n\n\n<p><\/p>\n","protected":false},"excerpt":{"rendered":"<p>Bienvenue \u00e0 Figeac-en-Quercy Bonjour, Ce site est d\u00e9di\u00e9 au Quercy, ancienne province d&rsquo;Occitanie et \u00e0 ses habitants, ainsi qu&rsquo;\u00e0 deux enfants (Jean-Fran\u00e7ois Champollion et Charles Boyer) de sa non moins ancienne cit\u00e9, Figeac.Il pr\u00e9sente au visiteur six ouvrages publi\u00e9s ces derni\u00e8res ann\u00e9es par un quercynois d&rsquo;adoption qui, au d\u00e9tour d&rsquo;une vie errante, v\u00e9cue en France,&#8230;<\/p>\n","protected":false},"author":1,"featured_media":0,"parent":0,"menu_order":0,"comment_status":"closed","ping_status":"closed","template":"","meta":{"_kad_post_transparent":"","_kad_post_title":"","_kad_post_layout":"","_kad_post_sidebar_id":"","_kad_post_content_style":"","_kad_post_vertical_padding":"","_kad_post_feature":"","_kad_post_feature_position":"","_kad_post_header":false,"_kad_post_footer":false,"footnotes":""},"class_list":["post-12","page","type-page","status-publish","hentry"],"_links":{"self":[{"href":"https:\/\/figeac.net\/index.php?rest_route=\/wp\/v2\/pages\/12","targetHints":{"allow":["GET"]}}],"collection":[{"href":"https:\/\/figeac.net\/index.php?rest_route=\/wp\/v2\/pages"}],"about":[{"href":"https:\/\/figeac.net\/index.php?rest_route=\/wp\/v2\/types\/page"}],"author":[{"embeddable":true,"href":"https:\/\/figeac.net\/index.php?rest_route=\/wp\/v2\/users\/1"}],"replies":[{"embeddable":true,"href":"https:\/\/figeac.net\/index.php?rest_route=%2Fwp%2Fv2%2Fcomments&post=12"}],"version-history":[{"count":14,"href":"https:\/\/figeac.net\/index.php?rest_route=\/wp\/v2\/pages\/12\/revisions"}],"predecessor-version":[{"id":405,"href":"https:\/\/figeac.net\/index.php?rest_route=\/wp\/v2\/pages\/12\/revisions\/405"}],"wp:attachment":[{"href":"https:\/\/figeac.net\/index.php?rest_route=%2Fwp%2Fv2%2Fmedia&parent=12"}],"curies":[{"name":"wp","href":"https:\/\/api.w.org\/{rel}","templated":true}]}}